{"id":1388,"date":"2020-01-14T12:53:44","date_gmt":"2020-01-14T11:53:44","guid":{"rendered":"https:\/\/vegatyres.com\/prodotto\/rent-s1\/"},"modified":"2024-01-16T16:24:57","modified_gmt":"2024-01-16T15:24:57","slug":"rent-s1","status":"publish","type":"product","link":"https:\/\/vegatyres.com\/fr\/prodotto\/rent-s1\/","title":{"rendered":"RENT S1"},"content":{"rendered":"\t\t<div data-elementor-type=\"product\" data-elementor-id=\"5148\" class=\"elementor elementor-5148 elementor-4527\">\n\t\t\t\t\t\t<section class=\"elementor-section elementor-top-section elementor-element elementor-element-fdfaae6 elementor-section-boxed elementor-section-height-default elementor-section-height-default\" data-id=\"fdfaae6\" data-element_type=\"section\" data-e-type=\"section\" data-settings=\"{&quot;jet_parallax_layout_list&quot;:[],&quot;background_background&quot;:&quot;classic&quot;}\">\n\t\t\t\t\t\t<div class=\"elementor-container elementor-column-gap-default\">\n\t\t\t\t\t<div class=\"elementor-column elementor-col-100 elementor-top-column elementor-element elementor-element-0ab92f6\" data-id=\"0ab92f6\" data-element_type=\"column\" data-e-type=\"column\">\n\t\t\t<div class=\"elementor-widget-wrap elementor-element-populated\">\n\t\t\t\t\t\t<div class=\"elementor-element elementor-element-63493de elementor-widget elementor-widget-text-editor\" data-id=\"63493de\" data-element_type=\"widget\" data-e-type=\"widget\" data-widget_type=\"text-editor.default\">\n\t\t\t\t<div class=\"elementor-widget-container\">\n\t\t\t\t\t\t\t\t\tDepuis de nombreuses ann\u00e9es, nous proposons des pneus sp\u00e9cialement \u00e9tudi\u00e9s pour les exigences du karting de location Indoor et Outdoor. En utilisant les pneus de location Vega, en comparaison avec des pneus concurrents \u00ab \u00e9conomiques \u00bb, les g\u00e9rants de pistes et les pilotes b\u00e9n\u00e9ficieront d\u2019une meilleure long\u00e9vit\u00e9 de la gomme et d\u2019une meilleure constance des performances et de la qualit\u00e9 de fabrication propre \u00e0 notre marque. Du fait qu\u2019ils montent en temp\u00e9rature plus rapidement, nos pneus ont une bonne tenue de route dans les courbes et en situation de freinage , et ce, d\u00e8s les premiers tours. Disponibles dans deux m\u00e9langes diff\u00e9rents, le H1, adapt\u00e9 aux pistes abrasives et le S1, plus adapt\u00e9 aux pistes moins abrasives.\t\t\t\t\t\t\t\t<\/div>\n\t\t\t\t<\/div>\n\t\t\t\t\t<\/div>\n\t\t<\/div>\n\t\t\t\t\t<\/div>\n\t\t<\/section>\n\t\t\t\t<\/div>\n\t\t\n","protected":false},"excerpt":{"rendered":"<h5 style=\"color: #ffde00;\">CARACT\u00c9RISTIQUES<\/h5>\n<ul>\n<li><strong>Front size: <\/strong>10&#215;4.50-5<\/li>\n<li><strong>Rear size: <\/strong>11&#215;7.10-5<\/li>\n<li><strong>Hardness IRHD [+\/-5]: <\/strong>Front 65 &#8211; Rear 65<\/li>\n<li><strong>Press. Sugg.<br \/>\n[\u00b10.2] BAR\/PSI:\u00a0<\/strong>Avant 1 \/ Arri\u00e9re 14,5<\/li>\n<li><strong>Max Speed: <\/strong>160 km\/h &#8211; 100 mph<\/li>\n<li><strong>Weight kg [+\/- 10%]: <\/strong>Front 1,180 \/ Rear 1,680<\/li>\n<\/ul>\n","protected":false},"featured_media":6175,"template":"","meta":{"_acf_changed":false},"product_brand":[],"product_cat":[40],"product_tag":[],"class_list":{"0":"post-1388","1":"product","2":"type-product","3":"status-publish","4":"has-post-thumbnail","6":"product_cat-rental-endurance-fr","8":"first","9":"instock","10":"taxable","11":"shipping-taxable","12":"product-type-simple"},"acf":[],"yoast_head":"<!-- This site is optimized with the Yoast SEO plugin v27.2 - https:\/\/yoast.com\/product\/yoast-seo-wordpress\/ -->\n<title>RENT S1 | Vegatyres - Vega Srl Saronno VA<\/title>\n<meta name=\"robots\" content=\"index, follow, max-snippet:-1, max-image-preview:large, max-video-preview:-1\" \/>\n<link rel=\"canonical\" href=\"https:\/\/vegatyres.com\/fr\/prodotto\/rent-s1\/\" \/>\n<meta property=\"og:locale\" content=\"fr_FR\" \/>\n<meta property=\"og:type\" content=\"article\" \/>\n<meta property=\"og:title\" content=\"RENT S1 | Vegatyres - Vega Srl Saronno VA\" \/>\n<meta property=\"og:description\" content=\"CARACT\u00c9RISTIQUES   Front size: 10x4.50-5  Rear size: 11x7.10-5  Hardness IRHD [+\/-5]: Front 65 - Rear 65  Press. Sugg. [\u00b10.2] BAR\/PSI:\u00a0Avant 1 \/ Arri\u00e9re 14,5  Max Speed: 160 km\/h - 100 mph  Weight kg [+\/- 10%]: Front 1,180 \/ Rear 1,680\" \/>\n<meta property=\"og:url\" content=\"https:\/\/vegatyres.com\/fr\/prodotto\/rent-s1\/\" \/>\n<meta property=\"og:site_name\" content=\"Vegatyres - Vega Srl Saronno VA\" \/>\n<meta property=\"article:publisher\" content=\"https:\/\/www.facebook.com\/vegatyres.official\/?paipv=0&amp;eav=AfbdurfZu4XvQFlS4CrjMzOdxMo2eYT5SQmYJZZ_RhnC3g2P7TqxxeXRRDaitdNWsao&amp;_rdr\" \/>\n<meta property=\"article:modified_time\" content=\"2024-01-16T15:24:57+00:00\" \/>\n<meta property=\"og:image\" content=\"https:\/\/vegatyres.com\/wp-content\/uploads\/2019\/08\/rent_big_00f0589212525ccae75a2070d274a34e.png\" \/>\n\t<meta property=\"og:image:width\" content=\"337\" \/>\n\t<meta property=\"og:image:height\" content=\"218\" \/>\n\t<meta property=\"og:image:type\" content=\"image\/png\" \/>\n<meta name=\"twitter:card\" content=\"summary_large_image\" \/>\n<script type=\"application\/ld+json\" class=\"yoast-schema-graph\">{\"@context\":\"https:\/\/schema.org\",\"@graph\":[{\"@type\":\"WebPage\",\"@id\":\"https:\/\/vegatyres.com\/fr\/prodotto\/rent-s1\/\",\"url\":\"https:\/\/vegatyres.com\/fr\/prodotto\/rent-s1\/\",\"name\":\"RENT S1 | Vegatyres - Vega Srl Saronno VA\",\"isPartOf\":{\"@id\":\"https:\/\/vegatyres.com\/#website\"},\"primaryImageOfPage\":{\"@id\":\"https:\/\/vegatyres.com\/fr\/prodotto\/rent-s1\/#primaryimage\"},\"image\":{\"@id\":\"https:\/\/vegatyres.com\/fr\/prodotto\/rent-s1\/#primaryimage\"},\"thumbnailUrl\":\"https:\/\/vegatyres.com\/wp-content\/uploads\/2020\/01\/S1_pneumatici_noleggio_vegatyres.png\",\"datePublished\":\"2020-01-14T11:53:44+00:00\",\"dateModified\":\"2024-01-16T15:24:57+00:00\",\"breadcrumb\":{\"@id\":\"https:\/\/vegatyres.com\/fr\/prodotto\/rent-s1\/#breadcrumb\"},\"inLanguage\":\"fr-FR\",\"potentialAction\":[{\"@type\":\"ReadAction\",\"target\":[\"https:\/\/vegatyres.com\/fr\/prodotto\/rent-s1\/\"]}]},{\"@type\":\"ImageObject\",\"inLanguage\":\"fr-FR\",\"@id\":\"https:\/\/vegatyres.com\/fr\/prodotto\/rent-s1\/#primaryimage\",\"url\":\"https:\/\/vegatyres.com\/wp-content\/uploads\/2020\/01\/S1_pneumatici_noleggio_vegatyres.png\",\"contentUrl\":\"https:\/\/vegatyres.com\/wp-content\/uploads\/2020\/01\/S1_pneumatici_noleggio_vegatyres.png\",\"width\":600,\"height\":600},{\"@type\":\"BreadcrumbList\",\"@id\":\"https:\/\/vegatyres.com\/fr\/prodotto\/rent-s1\/#breadcrumb\",\"itemListElement\":[{\"@type\":\"ListItem\",\"position\":1,\"name\":\"Home\",\"item\":\"https:\/\/vegatyres.com\/\"},{\"@type\":\"ListItem\",\"position\":2,\"name\":\"Products\",\"item\":\"https:\/\/vegatyres.com\/en\/shop\/\"},{\"@type\":\"ListItem\",\"position\":3,\"name\":\"RENT S1\"}]},{\"@type\":\"WebSite\",\"@id\":\"https:\/\/vegatyres.com\/#website\",\"url\":\"https:\/\/vegatyres.com\/\",\"name\":\"Vegatyres - Vega Srl Saronno VA\",\"description\":\"Dal 1980 il produttore dei migliori pneumatici per il Kart\",\"publisher\":{\"@id\":\"https:\/\/vegatyres.com\/#organization\"},\"alternateName\":\"Vegatyres - Vega Srl Saronno VA\",\"potentialAction\":[{\"@type\":\"SearchAction\",\"target\":{\"@type\":\"EntryPoint\",\"urlTemplate\":\"https:\/\/vegatyres.com\/?s={search_term_string}\"},\"query-input\":{\"@type\":\"PropertyValueSpecification\",\"valueRequired\":true,\"valueName\":\"search_term_string\"}}],\"inLanguage\":\"fr-FR\"},{\"@type\":\"Organization\",\"@id\":\"https:\/\/vegatyres.com\/#organization\",\"name\":\"Vegatyres - Vega Srl Saronno VA\",\"alternateName\":\"Vegatyres - Vega Srl Saronno VA\",\"url\":\"https:\/\/vegatyres.com\/\",\"logo\":{\"@type\":\"ImageObject\",\"inLanguage\":\"fr-FR\",\"@id\":\"https:\/\/vegatyres.com\/#\/schema\/logo\/image\/\",\"url\":\"https:\/\/vegatyres.com\/wp-content\/uploads\/2024\/01\/cropped-Vega_logo_V_giallo_per_mappa-1.png\",\"contentUrl\":\"https:\/\/vegatyres.com\/wp-content\/uploads\/2024\/01\/cropped-Vega_logo_V_giallo_per_mappa-1.png\",\"width\":512,\"height\":512,\"caption\":\"Vegatyres - Vega Srl Saronno VA\"},\"image\":{\"@id\":\"https:\/\/vegatyres.com\/#\/schema\/logo\/image\/\"},\"sameAs\":[\"https:\/\/www.facebook.com\/vegatyres.official\/?paipv=0&eav=AfbdurfZu4XvQFlS4CrjMzOdxMo2eYT5SQmYJZZ_RhnC3g2P7TqxxeXRRDaitdNWsao&_rdr\",\"https:\/\/www.instagram.com\/vegatyres_official\"]}]}<\/script>\n<!-- \/ Yoast SEO plugin. -->","yoast_head_json":{"title":"RENT S1 | Vegatyres - Vega Srl Saronno VA","robots":{"index":"index","follow":"follow","max-snippet":"max-snippet:-1","max-image-preview":"max-image-preview:large","max-video-preview":"max-video-preview:-1"},"canonical":"https:\/\/vegatyres.com\/fr\/prodotto\/rent-s1\/","og_locale":"fr_FR","og_type":"article","og_title":"RENT S1 | Vegatyres - Vega Srl Saronno VA","og_description":"CARACT\u00c9RISTIQUES   Front size: 10x4.50-5  Rear size: 11x7.10-5  Hardness IRHD [+\/-5]: Front 65 - Rear 65  Press. Sugg. [\u00b10.2] BAR\/PSI:\u00a0Avant 1 \/ Arri\u00e9re 14,5  Max Speed: 160 km\/h - 100 mph  Weight kg [+\/- 10%]: Front 1,180 \/ Rear 1,680","og_url":"https:\/\/vegatyres.com\/fr\/prodotto\/rent-s1\/","og_site_name":"Vegatyres - Vega Srl Saronno VA","article_publisher":"https:\/\/www.facebook.com\/vegatyres.official\/?paipv=0&eav=AfbdurfZu4XvQFlS4CrjMzOdxMo2eYT5SQmYJZZ_RhnC3g2P7TqxxeXRRDaitdNWsao&_rdr","article_modified_time":"2024-01-16T15:24:57+00:00","og_image":[{"width":337,"height":218,"url":"https:\/\/vegatyres.com\/wp-content\/uploads\/2019\/08\/rent_big_00f0589212525ccae75a2070d274a34e.png","type":"image\/png"}],"twitter_card":"summary_large_image","schema":{"@context":"https:\/\/schema.org","@graph":[{"@type":"WebPage","@id":"https:\/\/vegatyres.com\/fr\/prodotto\/rent-s1\/","url":"https:\/\/vegatyres.com\/fr\/prodotto\/rent-s1\/","name":"RENT S1 | Vegatyres - Vega Srl Saronno VA","isPartOf":{"@id":"https:\/\/vegatyres.com\/#website"},"primaryImageOfPage":{"@id":"https:\/\/vegatyres.com\/fr\/prodotto\/rent-s1\/#primaryimage"},"image":{"@id":"https:\/\/vegatyres.com\/fr\/prodotto\/rent-s1\/#primaryimage"},"thumbnailUrl":"https:\/\/vegatyres.com\/wp-content\/uploads\/2020\/01\/S1_pneumatici_noleggio_vegatyres.png","datePublished":"2020-01-14T11:53:44+00:00","dateModified":"2024-01-16T15:24:57+00:00","breadcrumb":{"@id":"https:\/\/vegatyres.com\/fr\/prodotto\/rent-s1\/#breadcrumb"},"inLanguage":"fr-FR","potentialAction":[{"@type":"ReadAction","target":["https:\/\/vegatyres.com\/fr\/prodotto\/rent-s1\/"]}]},{"@type":"ImageObject","inLanguage":"fr-FR","@id":"https:\/\/vegatyres.com\/fr\/prodotto\/rent-s1\/#primaryimage","url":"https:\/\/vegatyres.com\/wp-content\/uploads\/2020\/01\/S1_pneumatici_noleggio_vegatyres.png","contentUrl":"https:\/\/vegatyres.com\/wp-content\/uploads\/2020\/01\/S1_pneumatici_noleggio_vegatyres.png","width":600,"height":600},{"@type":"BreadcrumbList","@id":"https:\/\/vegatyres.com\/fr\/prodotto\/rent-s1\/#breadcrumb","itemListElement":[{"@type":"ListItem","position":1,"name":"Home","item":"https:\/\/vegatyres.com\/"},{"@type":"ListItem","position":2,"name":"Products","item":"https:\/\/vegatyres.com\/en\/shop\/"},{"@type":"ListItem","position":3,"name":"RENT S1"}]},{"@type":"WebSite","@id":"https:\/\/vegatyres.com\/#website","url":"https:\/\/vegatyres.com\/","name":"Vegatyres - Vega Srl Saronno VA","description":"Dal 1980 il produttore dei migliori pneumatici per il Kart","publisher":{"@id":"https:\/\/vegatyres.com\/#organization"},"alternateName":"Vegatyres - Vega Srl Saronno VA","potentialAction":[{"@type":"SearchAction","target":{"@type":"EntryPoint","urlTemplate":"https:\/\/vegatyres.com\/?s={search_term_string}"},"query-input":{"@type":"PropertyValueSpecification","valueRequired":true,"valueName":"search_term_string"}}],"inLanguage":"fr-FR"},{"@type":"Organization","@id":"https:\/\/vegatyres.com\/#organization","name":"Vegatyres - Vega Srl Saronno VA","alternateName":"Vegatyres - Vega Srl Saronno VA","url":"https:\/\/vegatyres.com\/","logo":{"@type":"ImageObject","inLanguage":"fr-FR","@id":"https:\/\/vegatyres.com\/#\/schema\/logo\/image\/","url":"https:\/\/vegatyres.com\/wp-content\/uploads\/2024\/01\/cropped-Vega_logo_V_giallo_per_mappa-1.png","contentUrl":"https:\/\/vegatyres.com\/wp-content\/uploads\/2024\/01\/cropped-Vega_logo_V_giallo_per_mappa-1.png","width":512,"height":512,"caption":"Vegatyres - Vega Srl Saronno VA"},"image":{"@id":"https:\/\/vegatyres.com\/#\/schema\/logo\/image\/"},"sameAs":["https:\/\/www.facebook.com\/vegatyres.official\/?paipv=0&eav=AfbdurfZu4XvQFlS4CrjMzOdxMo2eYT5SQmYJZZ_RhnC3g2P7TqxxeXRRDaitdNWsao&_rdr","https:\/\/www.instagram.com\/vegatyres_official"]}]}},"_links":{"self":[{"href":"https:\/\/vegatyres.com\/fr\/wp-json\/wp\/v2\/product\/1388","targetHints":{"allow":["GET"]}}],"collection":[{"href":"https:\/\/vegatyres.com\/fr\/wp-json\/wp\/v2\/product"}],"about":[{"href":"https:\/\/vegatyres.com\/fr\/wp-json\/wp\/v2\/types\/product"}],"version-history":[{"count":0,"href":"https:\/\/vegatyres.com\/fr\/wp-json\/wp\/v2\/product\/1388\/revisions"}],"wp:featuredmedia":[{"embeddable":true,"href":"https:\/\/vegatyres.com\/fr\/wp-json\/wp\/v2\/media\/6175"}],"wp:attachment":[{"href":"https:\/\/vegatyres.com\/fr\/wp-json\/wp\/v2\/media?parent=1388"}],"wp:term":[{"taxonomy":"product_brand","embeddable":true,"href":"https:\/\/vegatyres.com\/fr\/wp-json\/wp\/v2\/product_brand?post=1388"},{"taxonomy":"product_cat","embeddable":true,"href":"https:\/\/vegatyres.com\/fr\/wp-json\/wp\/v2\/product_cat?post=1388"},{"taxonomy":"product_tag","embeddable":true,"href":"https:\/\/vegatyres.com\/fr\/wp-json\/wp\/v2\/product_tag?post=1388"}],"curies":[{"name":"wp","href":"https:\/\/api.w.org\/{rel}","templated":true}]}}