{"id":1372,"date":"2020-01-14T14:12:30","date_gmt":"2020-01-14T13:12:30","guid":{"rendered":"https:\/\/vegatyres.com\/prodotto\/sl8\/"},"modified":"2024-01-26T17:16:00","modified_gmt":"2024-01-26T16:16:00","slug":"sl8","status":"publish","type":"product","link":"https:\/\/vegatyres.com\/fr\/prodotto\/sl8\/","title":{"rendered":"SL8"},"content":{"rendered":"\t\t<div data-elementor-type=\"product\" data-elementor-id=\"5162\" class=\"elementor elementor-5162 elementor-4494\">\n\t\t\t\t\t\t<section class=\"elementor-section elementor-top-section elementor-element elementor-element-ff3815b elementor-section-boxed elementor-section-height-default elementor-section-height-default\" data-id=\"ff3815b\" data-element_type=\"section\" data-e-type=\"section\" data-settings=\"{&quot;jet_parallax_layout_list&quot;:[],&quot;background_background&quot;:&quot;classic&quot;}\">\n\t\t\t\t\t\t<div class=\"elementor-container elementor-column-gap-default\">\n\t\t\t\t\t<div class=\"elementor-column elementor-col-50 elementor-top-column elementor-element elementor-element-cb9318e\" data-id=\"cb9318e\" data-element_type=\"column\" data-e-type=\"column\">\n\t\t\t<div class=\"elementor-widget-wrap elementor-element-populated\">\n\t\t\t\t\t\t<div class=\"elementor-element elementor-element-ff4f3d9 elementor-widget elementor-widget-jet-bar-chart\" data-id=\"ff4f3d9\" data-element_type=\"widget\" data-e-type=\"widget\" data-widget_type=\"jet-bar-chart.default\">\n\t\t\t\t<div class=\"elementor-widget-container\">\n\t\t\t\t\t<div class=\"elementor-jet-bar-chart jet-elements\">\t\t<div class=\"jet-bar-chart-container\" data-settings=\"{&quot;type&quot;:&quot;horizontalBar&quot;,&quot;data&quot;:{&quot;labels&quot;:[&quot;Grip&quot;,&quot; Easy to drive&quot;,&quot; High engine power&quot;,&quot; Compound softness&quot;,&quot; Carcass stiffness&quot;,&quot; Fits shifter - kz&quot;,&quot; Fits direct drive&quot;,&quot; Wear resistance&quot;,&quot; Consistancy&quot;],&quot;datasets&quot;:[{&quot;label&quot;:&quot;SL8&quot;,&quot;data&quot;:[1,5,1,5,2,1,5,5,4],&quot;_id&quot;:&quot;2cbe0aa&quot;,&quot;__globals__&quot;:{&quot;bg_color&quot;:&quot;&quot;,&quot;bg_hover_color&quot;:&quot;globals\\\/colors?id=secondary&quot;,&quot;border_color&quot;:&quot;globals\\\/colors?id=primary&quot;,&quot;border_hover_color&quot;:&quot;globals\\\/colors?id=primary&quot;},&quot;bg_hover_color&quot;:&quot;#0156A2&quot;,&quot;border_color&quot;:&quot;#1F2A41&quot;,&quot;border_hover_color&quot;:&quot;#1F2A41&quot;,&quot;bg_color&quot;:&quot;#D86F02&quot;,&quot;index&quot;:0,&quot;backgroundColor&quot;:&quot;#D86F02&quot;,&quot;hoverBackgroundColor&quot;:&quot;#0156A2&quot;,&quot;borderColor&quot;:&quot;#1F2A41&quot;,&quot;hoverBorderColor&quot;:&quot;#1F2A41&quot;,&quot;borderWidth&quot;:0}]},&quot;options&quot;:{&quot;tooltips&quot;:{&quot;enabled&quot;:true,&quot;backgroundColor&quot;:&quot;#1F2A41&quot;,&quot;titleFontColor&quot;:&quot;#FFFFFF&quot;,&quot;bodyFontColor&quot;:&quot;#FFFFFF&quot;},&quot;legend&quot;:{&quot;display&quot;:false,&quot;position&quot;:&quot;top&quot;,&quot;reverse&quot;:false,&quot;align&quot;:&quot;center&quot;},&quot;maintainAspectRatio&quot;:false,&quot;scales&quot;:{&quot;yAxes&quot;:[{&quot;ticks&quot;:{&quot;display&quot;:true,&quot;beginAtZero&quot;:true,&quot;max&quot;:5,&quot;stepSize&quot;:1,&quot;fontColor&quot;:&quot;#FFFFFF&quot;},&quot;gridLines&quot;:{&quot;drawBorder&quot;:false,&quot;color&quot;:&quot;#FFFFFF&quot;}}],&quot;xAxes&quot;:[{&quot;ticks&quot;:{&quot;display&quot;:true,&quot;beginAtZero&quot;:true,&quot;max&quot;:5,&quot;stepSize&quot;:1,&quot;fontColor&quot;:&quot;#FFFFFF&quot;},&quot;gridLines&quot;:{&quot;drawBorder&quot;:false,&quot;color&quot;:&quot;#FFFFFF&quot;}}]}}}\" data-tooltip-prefix=\"\" data-tooltip-suffix=\"\" data-tooltip-separator=\"\" data-axis-separator=\"\" data-labels-length=\"50\">\n\t\t\t<canvas class=\"jet-bar-chart\" role=\"img\"><\/canvas>\n\t\t<\/div>\n\t\t<\/div>\t\t\t\t<\/div>\n\t\t\t\t<\/div>\n\t\t\t\t\t<\/div>\n\t\t<\/div>\n\t\t\t\t<div class=\"elementor-column elementor-col-50 elementor-top-column elementor-element elementor-element-1bb1d05\" data-id=\"1bb1d05\" data-element_type=\"column\" data-e-type=\"column\">\n\t\t\t<div class=\"elementor-widget-wrap elementor-element-populated\">\n\t\t\t\t\t\t<div class=\"elementor-element elementor-element-c04d0c4 elementor-widget elementor-widget-text-editor\" data-id=\"c04d0c4\" data-element_type=\"widget\" data-e-type=\"widget\" data-widget_type=\"text-editor.default\">\n\t\t\t\t<div class=\"elementor-widget-container\">\n\t\t\t\t\t\t\t\t\tLa gamme SL s\u2019\u00e9tend, avec l\u2019introduction de ce nouveau pneumatique dont le m\u00e9lange garantit une r\u00e9sistance \u00e8 l\u2019abrasion encore meilleure, sans toutefois alt\u00e9rer ses performances.\r\n\r\nId\u00e9al pour les comp\u00e9titions d\u2019endurance tout en restant performant sur un tour.\t\t\t\t\t\t\t\t<\/div>\n\t\t\t\t<\/div>\n\t\t\t\t\t<\/div>\n\t\t<\/div>\n\t\t\t\t\t<\/div>\n\t\t<\/section>\n\t\t\t\t<\/div>\n\t\t\n","protected":false},"excerpt":{"rendered":"<h5 style=\"color: #ffde00;\">CARACT\u00c9RISTIQUES<\/h5>\n<ul>\n<li class=\"element element-text first\"><strong>Mesure avant: <\/strong>10&#215;4.60-5<\/li>\n<li class=\"element element-text\"><strong>Mesure arri\u00e8re: <\/strong>11&#215;7.10-5<\/li>\n<li class=\"element element-text\"><strong>Duret\u00e9 IRHD [+\/-5]: <\/strong>Avant 62 &#8211; Arri\u00e8re 62<\/li>\n<li class=\"element element-text\"><strong>Press. Sugg.<br \/>\n[\u00b10.2] BAR\/PSI: <\/strong>Avant 0,7 \/ 10 &#8211; Arri\u00e8re 0,7 \/ 10<\/li>\n<li class=\"element element-text\"><strong>Vitesse Max: <\/strong>200 Km\/h &#8211; 125 Mph<\/li>\n<li class=\"element element-text last\"><strong>Poids kg [+\/- 10%]: <\/strong>Avant 1,150 &#8211; Arri\u00e8re 1,650<\/li>\n<\/ul>\n<h5 style=\"color: #ffde00;\">FICHES DE DONN\u00c9ES<\/h5>\n<div class=\"row\">\n<div class=\"column\">\n<p style=\"font-size: 15px;\">SL8 SLICK<BR>AVANT<\/p>\n<p><a title=\"Download SL8_45_ANT_slick_pneumatici_vega.pdf\" href=\"\/download\/sl8-45-ant\/?wpdmdl=1406&amp;refresh=5e20492a6bd621579174186\" target=\"_blank\" rel=\"noopener\"><img decoding=\"async\" class=\"alignnone size-full wp-image-173\" src=\"\/wp-content\/uploads\/2024\/01\/vegatyres_immagine_pdf-1.png\" alt=\"\" width=\"50\" height=\"50\" \/><\/a><\/div>\n<div class=\"column\">\n<p style=\"font-size: 15px;\">SL8 SLICK<BR>ARRI\u00c8RE<\/p>\n<p><a style=\"color: #c59400\" title=\"Download SL8_71_POST_slick_pneumatici_vega.pdf\" href=\"\/download\/sl8-71-post\/?wpdmdl=1409&amp;refresh=5e2048da80f691579174106\" target=\"_blank\" rel=\"noopener\"><img decoding=\"async\" class=\"alignnone size-full wp-image-173\" src=\"\/wp-content\/uploads\/2024\/01\/vegatyres_immagine_pdf-1.png\" alt=\"\" width=\"50\" height=\"50\" \/><\/a><\/div>\n<div class=\"column\"><img decoding=\"async\" class=\"alignnone size-full wp-image-179\" src=\"\/wp-content\/uploads\/2024\/01\/cik-fia-karting_logo.png\" alt=\"\" width=\"60\" height=\"60\" \/><\/div>\n<\/div>\n","protected":false},"featured_media":7120,"template":"","meta":{"_acf_changed":false},"product_brand":[],"product_cat":[41],"product_tag":[],"class_list":{"0":"post-1372","1":"product","2":"type-product","3":"status-publish","4":"has-post-thumbnail","6":"product_cat-slick-fr","8":"first","9":"instock","10":"taxable","11":"shipping-taxable","12":"product-type-simple"},"acf":[],"yoast_head":"<!-- This site is optimized with the Yoast SEO plugin v27.2 - https:\/\/yoast.com\/product\/yoast-seo-wordpress\/ -->\n<title>SL8 | Vegatyres - Vega Srl Saronno VA<\/title>\n<meta name=\"robots\" content=\"index, follow, max-snippet:-1, max-image-preview:large, max-video-preview:-1\" \/>\n<link rel=\"canonical\" href=\"https:\/\/vegatyres.com\/fr\/prodotto\/sl8\/\" \/>\n<meta property=\"og:locale\" content=\"fr_FR\" \/>\n<meta property=\"og:type\" content=\"article\" \/>\n<meta property=\"og:title\" content=\"SL8 | Vegatyres - Vega Srl Saronno VA\" \/>\n<meta property=\"og:description\" content=\"CARACT\u00c9RISTIQUES   Mesure avant: 10x4.60-5  Mesure arri\u00e8re: 11x7.10-5  Duret\u00e9 IRHD [+\/-5]: Avant 62 - Arri\u00e8re 62  Press. Sugg. [\u00b10.2] BAR\/PSI: Avant 0,7 \/ 10 - Arri\u00e8re 0,7 \/ 10  Vitesse Max: 200 Km\/h - 125 Mph  Poids kg [+\/- 10%]: Avant 1,150 - Arri\u00e8re 1,650  FICHES DE DONN\u00c9ES   SL8 SLICKAVANT   SL8 SLICKARRI\u00c8RE\" \/>\n<meta property=\"og:url\" content=\"https:\/\/vegatyres.com\/fr\/prodotto\/sl8\/\" \/>\n<meta property=\"og:site_name\" content=\"Vegatyres - Vega Srl Saronno VA\" \/>\n<meta property=\"article:publisher\" content=\"https:\/\/www.facebook.com\/vegatyres.official\/?paipv=0&amp;eav=AfbdurfZu4XvQFlS4CrjMzOdxMo2eYT5SQmYJZZ_RhnC3g2P7TqxxeXRRDaitdNWsao&amp;_rdr\" \/>\n<meta property=\"article:modified_time\" content=\"2024-01-26T16:16:00+00:00\" \/>\n<meta property=\"og:image\" content=\"https:\/\/vegatyres.com\/wp-content\/uploads\/2019\/11\/sl8_pneumatici_slick.png\" \/>\n\t<meta property=\"og:image:width\" content=\"337\" \/>\n\t<meta property=\"og:image:height\" content=\"294\" \/>\n\t<meta property=\"og:image:type\" content=\"image\/png\" \/>\n<meta name=\"twitter:card\" content=\"summary_large_image\" \/>\n<script type=\"application\/ld+json\" class=\"yoast-schema-graph\">{\"@context\":\"https:\/\/schema.org\",\"@graph\":[{\"@type\":\"WebPage\",\"@id\":\"https:\/\/vegatyres.com\/fr\/prodotto\/sl8\/\",\"url\":\"https:\/\/vegatyres.com\/fr\/prodotto\/sl8\/\",\"name\":\"SL8 | Vegatyres - Vega Srl Saronno VA\",\"isPartOf\":{\"@id\":\"https:\/\/vegatyres.com\/#website\"},\"primaryImageOfPage\":{\"@id\":\"https:\/\/vegatyres.com\/fr\/prodotto\/sl8\/#primaryimage\"},\"image\":{\"@id\":\"https:\/\/vegatyres.com\/fr\/prodotto\/sl8\/#primaryimage\"},\"thumbnailUrl\":\"https:\/\/vegatyres.com\/wp-content\/uploads\/2020\/01\/SL8_pneumatici_vegatyres.png\",\"datePublished\":\"2020-01-14T13:12:30+00:00\",\"dateModified\":\"2024-01-26T16:16:00+00:00\",\"breadcrumb\":{\"@id\":\"https:\/\/vegatyres.com\/fr\/prodotto\/sl8\/#breadcrumb\"},\"inLanguage\":\"fr-FR\",\"potentialAction\":[{\"@type\":\"ReadAction\",\"target\":[\"https:\/\/vegatyres.com\/fr\/prodotto\/sl8\/\"]}]},{\"@type\":\"ImageObject\",\"inLanguage\":\"fr-FR\",\"@id\":\"https:\/\/vegatyres.com\/fr\/prodotto\/sl8\/#primaryimage\",\"url\":\"https:\/\/vegatyres.com\/wp-content\/uploads\/2020\/01\/SL8_pneumatici_vegatyres.png\",\"contentUrl\":\"https:\/\/vegatyres.com\/wp-content\/uploads\/2020\/01\/SL8_pneumatici_vegatyres.png\",\"width\":600,\"height\":600},{\"@type\":\"BreadcrumbList\",\"@id\":\"https:\/\/vegatyres.com\/fr\/prodotto\/sl8\/#breadcrumb\",\"itemListElement\":[{\"@type\":\"ListItem\",\"position\":1,\"name\":\"Home\",\"item\":\"https:\/\/vegatyres.com\/\"},{\"@type\":\"ListItem\",\"position\":2,\"name\":\"Products\",\"item\":\"https:\/\/vegatyres.com\/en\/shop\/\"},{\"@type\":\"ListItem\",\"position\":3,\"name\":\"SL8\"}]},{\"@type\":\"WebSite\",\"@id\":\"https:\/\/vegatyres.com\/#website\",\"url\":\"https:\/\/vegatyres.com\/\",\"name\":\"Vegatyres - Vega Srl Saronno VA\",\"description\":\"Dal 1980 il produttore dei migliori pneumatici per il Kart\",\"publisher\":{\"@id\":\"https:\/\/vegatyres.com\/#organization\"},\"alternateName\":\"Vegatyres - Vega Srl Saronno VA\",\"potentialAction\":[{\"@type\":\"SearchAction\",\"target\":{\"@type\":\"EntryPoint\",\"urlTemplate\":\"https:\/\/vegatyres.com\/?s={search_term_string}\"},\"query-input\":{\"@type\":\"PropertyValueSpecification\",\"valueRequired\":true,\"valueName\":\"search_term_string\"}}],\"inLanguage\":\"fr-FR\"},{\"@type\":\"Organization\",\"@id\":\"https:\/\/vegatyres.com\/#organization\",\"name\":\"Vegatyres - Vega Srl Saronno VA\",\"alternateName\":\"Vegatyres - Vega Srl Saronno VA\",\"url\":\"https:\/\/vegatyres.com\/\",\"logo\":{\"@type\":\"ImageObject\",\"inLanguage\":\"fr-FR\",\"@id\":\"https:\/\/vegatyres.com\/#\/schema\/logo\/image\/\",\"url\":\"https:\/\/vegatyres.com\/wp-content\/uploads\/2024\/01\/cropped-Vega_logo_V_giallo_per_mappa-1.png\",\"contentUrl\":\"https:\/\/vegatyres.com\/wp-content\/uploads\/2024\/01\/cropped-Vega_logo_V_giallo_per_mappa-1.png\",\"width\":512,\"height\":512,\"caption\":\"Vegatyres - Vega Srl Saronno VA\"},\"image\":{\"@id\":\"https:\/\/vegatyres.com\/#\/schema\/logo\/image\/\"},\"sameAs\":[\"https:\/\/www.facebook.com\/vegatyres.official\/?paipv=0&eav=AfbdurfZu4XvQFlS4CrjMzOdxMo2eYT5SQmYJZZ_RhnC3g2P7TqxxeXRRDaitdNWsao&_rdr\",\"https:\/\/www.instagram.com\/vegatyres_official\"]}]}<\/script>\n<!-- \/ Yoast SEO plugin. -->","yoast_head_json":{"title":"SL8 | Vegatyres - Vega Srl Saronno VA","robots":{"index":"index","follow":"follow","max-snippet":"max-snippet:-1","max-image-preview":"max-image-preview:large","max-video-preview":"max-video-preview:-1"},"canonical":"https:\/\/vegatyres.com\/fr\/prodotto\/sl8\/","og_locale":"fr_FR","og_type":"article","og_title":"SL8 | Vegatyres - Vega Srl Saronno VA","og_description":"CARACT\u00c9RISTIQUES   Mesure avant: 10x4.60-5  Mesure arri\u00e8re: 11x7.10-5  Duret\u00e9 IRHD [+\/-5]: Avant 62 - Arri\u00e8re 62  Press. Sugg. [\u00b10.2] BAR\/PSI: Avant 0,7 \/ 10 - Arri\u00e8re 0,7 \/ 10  Vitesse Max: 200 Km\/h - 125 Mph  Poids kg [+\/- 10%]: Avant 1,150 - Arri\u00e8re 1,650  FICHES DE DONN\u00c9ES   SL8 SLICKAVANT   SL8 SLICKARRI\u00c8RE","og_url":"https:\/\/vegatyres.com\/fr\/prodotto\/sl8\/","og_site_name":"Vegatyres - Vega Srl Saronno VA","article_publisher":"https:\/\/www.facebook.com\/vegatyres.official\/?paipv=0&eav=AfbdurfZu4XvQFlS4CrjMzOdxMo2eYT5SQmYJZZ_RhnC3g2P7TqxxeXRRDaitdNWsao&_rdr","article_modified_time":"2024-01-26T16:16:00+00:00","og_image":[{"width":337,"height":294,"url":"https:\/\/vegatyres.com\/wp-content\/uploads\/2019\/11\/sl8_pneumatici_slick.png","type":"image\/png"}],"twitter_card":"summary_large_image","schema":{"@context":"https:\/\/schema.org","@graph":[{"@type":"WebPage","@id":"https:\/\/vegatyres.com\/fr\/prodotto\/sl8\/","url":"https:\/\/vegatyres.com\/fr\/prodotto\/sl8\/","name":"SL8 | Vegatyres - Vega Srl Saronno VA","isPartOf":{"@id":"https:\/\/vegatyres.com\/#website"},"primaryImageOfPage":{"@id":"https:\/\/vegatyres.com\/fr\/prodotto\/sl8\/#primaryimage"},"image":{"@id":"https:\/\/vegatyres.com\/fr\/prodotto\/sl8\/#primaryimage"},"thumbnailUrl":"https:\/\/vegatyres.com\/wp-content\/uploads\/2020\/01\/SL8_pneumatici_vegatyres.png","datePublished":"2020-01-14T13:12:30+00:00","dateModified":"2024-01-26T16:16:00+00:00","breadcrumb":{"@id":"https:\/\/vegatyres.com\/fr\/prodotto\/sl8\/#breadcrumb"},"inLanguage":"fr-FR","potentialAction":[{"@type":"ReadAction","target":["https:\/\/vegatyres.com\/fr\/prodotto\/sl8\/"]}]},{"@type":"ImageObject","inLanguage":"fr-FR","@id":"https:\/\/vegatyres.com\/fr\/prodotto\/sl8\/#primaryimage","url":"https:\/\/vegatyres.com\/wp-content\/uploads\/2020\/01\/SL8_pneumatici_vegatyres.png","contentUrl":"https:\/\/vegatyres.com\/wp-content\/uploads\/2020\/01\/SL8_pneumatici_vegatyres.png","width":600,"height":600},{"@type":"BreadcrumbList","@id":"https:\/\/vegatyres.com\/fr\/prodotto\/sl8\/#breadcrumb","itemListElement":[{"@type":"ListItem","position":1,"name":"Home","item":"https:\/\/vegatyres.com\/"},{"@type":"ListItem","position":2,"name":"Products","item":"https:\/\/vegatyres.com\/en\/shop\/"},{"@type":"ListItem","position":3,"name":"SL8"}]},{"@type":"WebSite","@id":"https:\/\/vegatyres.com\/#website","url":"https:\/\/vegatyres.com\/","name":"Vegatyres - Vega Srl Saronno VA","description":"Dal 1980 il produttore dei migliori pneumatici per il Kart","publisher":{"@id":"https:\/\/vegatyres.com\/#organization"},"alternateName":"Vegatyres - Vega Srl Saronno VA","potentialAction":[{"@type":"SearchAction","target":{"@type":"EntryPoint","urlTemplate":"https:\/\/vegatyres.com\/?s={search_term_string}"},"query-input":{"@type":"PropertyValueSpecification","valueRequired":true,"valueName":"search_term_string"}}],"inLanguage":"fr-FR"},{"@type":"Organization","@id":"https:\/\/vegatyres.com\/#organization","name":"Vegatyres - Vega Srl Saronno VA","alternateName":"Vegatyres - Vega Srl Saronno VA","url":"https:\/\/vegatyres.com\/","logo":{"@type":"ImageObject","inLanguage":"fr-FR","@id":"https:\/\/vegatyres.com\/#\/schema\/logo\/image\/","url":"https:\/\/vegatyres.com\/wp-content\/uploads\/2024\/01\/cropped-Vega_logo_V_giallo_per_mappa-1.png","contentUrl":"https:\/\/vegatyres.com\/wp-content\/uploads\/2024\/01\/cropped-Vega_logo_V_giallo_per_mappa-1.png","width":512,"height":512,"caption":"Vegatyres - Vega Srl Saronno VA"},"image":{"@id":"https:\/\/vegatyres.com\/#\/schema\/logo\/image\/"},"sameAs":["https:\/\/www.facebook.com\/vegatyres.official\/?paipv=0&eav=AfbdurfZu4XvQFlS4CrjMzOdxMo2eYT5SQmYJZZ_RhnC3g2P7TqxxeXRRDaitdNWsao&_rdr","https:\/\/www.instagram.com\/vegatyres_official"]}]}},"_links":{"self":[{"href":"https:\/\/vegatyres.com\/fr\/wp-json\/wp\/v2\/product\/1372","targetHints":{"allow":["GET"]}}],"collection":[{"href":"https:\/\/vegatyres.com\/fr\/wp-json\/wp\/v2\/product"}],"about":[{"href":"https:\/\/vegatyres.com\/fr\/wp-json\/wp\/v2\/types\/product"}],"version-history":[{"count":3,"href":"https:\/\/vegatyres.com\/fr\/wp-json\/wp\/v2\/product\/1372\/revisions"}],"predecessor-version":[{"id":7763,"href":"https:\/\/vegatyres.com\/fr\/wp-json\/wp\/v2\/product\/1372\/revisions\/7763"}],"wp:featuredmedia":[{"embeddable":true,"href":"https:\/\/vegatyres.com\/fr\/wp-json\/wp\/v2\/media\/7120"}],"wp:attachment":[{"href":"https:\/\/vegatyres.com\/fr\/wp-json\/wp\/v2\/media?parent=1372"}],"wp:term":[{"taxonomy":"product_brand","embeddable":true,"href":"https:\/\/vegatyres.com\/fr\/wp-json\/wp\/v2\/product_brand?post=1372"},{"taxonomy":"product_cat","embeddable":true,"href":"https:\/\/vegatyres.com\/fr\/wp-json\/wp\/v2\/product_cat?post=1372"},{"taxonomy":"product_tag","embeddable":true,"href":"https:\/\/vegatyres.com\/fr\/wp-json\/wp\/v2\/product_tag?post=1372"}],"curies":[{"name":"wp","href":"https:\/\/api.w.org\/{rel}","templated":true}]}}