{"id":1322,"date":"2020-01-14T12:43:48","date_gmt":"2020-01-14T11:43:48","guid":{"rendered":"https:\/\/vegatyres.com\/prodotto\/xh3-cik-option\/"},"modified":"2024-01-26T17:18:09","modified_gmt":"2024-01-26T16:18:09","slug":"xh4-cik-option","status":"publish","type":"product","link":"https:\/\/vegatyres.com\/fr\/prodotto\/xh4-cik-option\/","title":{"rendered":"XH4 &#8211; CIK OPTION"},"content":{"rendered":"\t\t<div data-elementor-type=\"product\" data-elementor-id=\"5168\" class=\"elementor elementor-5168 elementor-4480\">\n\t\t\t\t\t\t<section class=\"elementor-section elementor-top-section elementor-element elementor-element-f194478 elementor-section-boxed elementor-section-height-default elementor-section-height-default\" data-id=\"f194478\" data-element_type=\"section\" data-e-type=\"section\" data-settings=\"{&quot;jet_parallax_layout_list&quot;:[],&quot;background_background&quot;:&quot;classic&quot;}\">\n\t\t\t\t\t\t<div class=\"elementor-container elementor-column-gap-default\">\n\t\t\t\t\t<div class=\"elementor-column elementor-col-50 elementor-top-column elementor-element elementor-element-c726e15\" data-id=\"c726e15\" data-element_type=\"column\" data-e-type=\"column\">\n\t\t\t<div class=\"elementor-widget-wrap elementor-element-populated\">\n\t\t\t\t\t\t<div class=\"elementor-element elementor-element-d9b4d9d elementor-widget elementor-widget-jet-bar-chart\" data-id=\"d9b4d9d\" data-element_type=\"widget\" data-e-type=\"widget\" data-widget_type=\"jet-bar-chart.default\">\n\t\t\t\t<div class=\"elementor-widget-container\">\n\t\t\t\t\t<div class=\"elementor-jet-bar-chart jet-elements\">\t\t<div class=\"jet-bar-chart-container\" data-settings=\"{&quot;type&quot;:&quot;horizontalBar&quot;,&quot;data&quot;:{&quot;labels&quot;:[&quot;Grip&quot;,&quot; Easy to drive&quot;,&quot; High engine power&quot;,&quot; Compound softness&quot;,&quot; Carcass stiffness&quot;,&quot; Fits shifter- kz&quot;,&quot; Fits direct drive&quot;,&quot; Wear resistance&quot;,&quot; Consistancy&quot;],&quot;datasets&quot;:[{&quot;label&quot;:&quot;XH4 \\u2013 CIK OPTION&quot;,&quot;data&quot;:[5,3,5,3,4,5,5,3,5],&quot;_id&quot;:&quot;2cbe0aa&quot;,&quot;__globals__&quot;:{&quot;bg_color&quot;:&quot;&quot;,&quot;bg_hover_color&quot;:&quot;globals\\\/colors?id=secondary&quot;,&quot;border_color&quot;:&quot;globals\\\/colors?id=primary&quot;,&quot;border_hover_color&quot;:&quot;globals\\\/colors?id=primary&quot;},&quot;bg_color&quot;:&quot;#A2D35F&quot;,&quot;bg_hover_color&quot;:&quot;#0156A2&quot;,&quot;border_color&quot;:&quot;#1F2A41&quot;,&quot;border_hover_color&quot;:&quot;#1F2A41&quot;,&quot;index&quot;:0,&quot;backgroundColor&quot;:&quot;#A2D35F&quot;,&quot;hoverBackgroundColor&quot;:&quot;#0156A2&quot;,&quot;borderColor&quot;:&quot;#1F2A41&quot;,&quot;hoverBorderColor&quot;:&quot;#1F2A41&quot;,&quot;borderWidth&quot;:0}]},&quot;options&quot;:{&quot;tooltips&quot;:{&quot;enabled&quot;:true,&quot;backgroundColor&quot;:&quot;#1F2A41&quot;,&quot;titleFontColor&quot;:&quot;#FFFFFF&quot;,&quot;bodyFontColor&quot;:&quot;#FFFFFF&quot;},&quot;legend&quot;:{&quot;display&quot;:false,&quot;position&quot;:&quot;top&quot;,&quot;reverse&quot;:false,&quot;align&quot;:&quot;center&quot;},&quot;maintainAspectRatio&quot;:false,&quot;scales&quot;:{&quot;yAxes&quot;:[{&quot;ticks&quot;:{&quot;display&quot;:true,&quot;beginAtZero&quot;:true,&quot;max&quot;:5,&quot;stepSize&quot;:1,&quot;fontColor&quot;:&quot;#FFFFFF&quot;},&quot;gridLines&quot;:{&quot;drawBorder&quot;:false,&quot;color&quot;:&quot;#FFFFFF&quot;}}],&quot;xAxes&quot;:[{&quot;ticks&quot;:{&quot;display&quot;:true,&quot;beginAtZero&quot;:true,&quot;max&quot;:5,&quot;stepSize&quot;:1,&quot;fontColor&quot;:&quot;#FFFFFF&quot;},&quot;gridLines&quot;:{&quot;drawBorder&quot;:false,&quot;color&quot;:&quot;#FFFFFF&quot;}}]}}}\" data-tooltip-prefix=\"\" data-tooltip-suffix=\"\" data-tooltip-separator=\"\" data-axis-separator=\"\" data-labels-length=\"50\">\n\t\t\t<canvas class=\"jet-bar-chart\" role=\"img\"><\/canvas>\n\t\t<\/div>\n\t\t<\/div>\t\t\t\t<\/div>\n\t\t\t\t<\/div>\n\t\t\t\t\t<\/div>\n\t\t<\/div>\n\t\t\t\t<div class=\"elementor-column elementor-col-50 elementor-top-column elementor-element elementor-element-06458a3\" data-id=\"06458a3\" data-element_type=\"column\" data-e-type=\"column\">\n\t\t\t<div class=\"elementor-widget-wrap elementor-element-populated\">\n\t\t\t\t\t\t<div class=\"elementor-element elementor-element-72d3915 elementor-widget elementor-widget-text-editor\" data-id=\"72d3915\" data-element_type=\"widget\" data-e-type=\"widget\" data-widget_type=\"text-editor.default\">\n\t\t\t\t<div class=\"elementor-widget-container\">\n\t\t\t\t\t\t\t\t\tLe dernier pneu \u201cHARD\u201d de VEGA homologu\u00e9 par la CIK FIA pour la p\u00e9riode 2024-2026.\r\n\r\nLe nouveau XH4 CIK Option repr\u00e9sente une \u00e9volution du pr\u00e9c\u00e9dent \u201cvert\u201d, apportant am\u00e9liorations en termes d\u2019augmentation de la fen\u00eatre d\u2019usage.\r\n\r\nTout en conservant les excellentes caract\u00e9ristiques de grip, mise en r\u00e9gime et d\u2019endurance de la version pr\u00e9c\u00e9dente, XH4 am\u00e9liore la balance, donnant la possibilit\u00e9 d\u2019exploiter ch\u00e2ssis de toutes marques, sur tous types et conditions de pistes.\r\n\r\nLes b\u00e9n\u00e9fices majeurs se rencontrerons en conditions chaudes, ou de pistes tr\u00e8s abrasives.\t\t\t\t\t\t\t\t<\/div>\n\t\t\t\t<\/div>\n\t\t\t\t\t<\/div>\n\t\t<\/div>\n\t\t\t\t\t<\/div>\n\t\t<\/section>\n\t\t\t\t<\/div>\n\t\t\n","protected":false},"excerpt":{"rendered":"<h5 style=\"color: #ffde00;\">CARACT\u00c9RISTIQUES<\/h5>\n<ul>\n<li class=\"element element-text first\"><strong>Mesure avant: <\/strong>10&#215;4.60-5<\/li>\n<li class=\"element element-text\"><strong>Mesure arri\u00e8re: <\/strong>11&#215;7.10-5<\/li>\n<li><strong>Pression Sug.<br \/>\n[\u00b10.2] BAR\/PSI:\u00a0<\/strong>Avant 0,55 \/ 8,0 \u2013 Arri\u00e8re 0,55 \/ 0,8<\/li>\n<li class=\"element element-text\"><strong>Velocit\u00e0 Max: <\/strong>180 km\/h &#8211; 112 mph<\/li>\n<li class=\"element element-text last\"><strong>Peso kg [\u00b110%]: <\/strong>Avant 1,200 &#8211; Arri\u00e8re 1,650<\/li>\n<\/ul>\n<h5 style=\"color: #ffde00;\">FICHES DE DONN\u00c9ES<\/h5>\n<div class=\"row\">\n<div class=\"column\">\n<p style=\"font-size: 15px;\">XH4-CIK OPTION<BR>AVANT<\/p>\n<p><a title=\"Download Vega_XH3_Cik_Option_047_TO_47.pdf\" href=\"\/download\/xh3-ant\/?wpdmdl=1159&amp;refresh=5e1dc81fa02ac1579010079\" target=\"_blank\" rel=\"noopener\"><img decoding=\"async\" class=\"alignnone size-full wp-image-173\" src=\"\/wp-content\/uploads\/2024\/01\/vegatyres_immagine_pdf-1.png\" alt=\"\" width=\"50\" height=\"50\" \/><\/a><\/div>\n<div class=\"column\">\n<p style=\"font-size: 15px;\">XH4-CIK OPTION<BR>ARRI\u00c8RE<\/p>\n<p><a title=\"Download Vega_XH3_Cik_Option_047_TO_99.pdf\" href=\"\/download\/xh3-post\/?wpdmdl=1157&amp;refresh=5e1dc79397cfa1579009939\" target=\"_blank\" rel=\"noopener\"><img decoding=\"async\" class=\"alignnone size-full wp-image-173\" src=\"\/wp-content\/uploads\/2024\/01\/vegatyres_immagine_pdf-1.png\" alt=\"\" width=\"50\" height=\"50\" \/><\/a><\/div>\n<div class=\"column\"><img decoding=\"async\" class=\"alignnone size-full wp-image-179\" src=\"\/wp-content\/uploads\/2024\/01\/cik-fia-karting_logo.png\" alt=\"\" width=\"60\" height=\"60\" \/><\/div>\n<\/div>\n","protected":false},"featured_media":7159,"template":"","meta":{"_acf_changed":false},"product_brand":[],"product_cat":[36,41],"product_tag":[],"class_list":{"0":"post-1322","1":"product","2":"type-product","3":"status-publish","4":"has-post-thumbnail","6":"product_cat-cik-fia-homologated-fr","7":"product_cat-slick-fr","9":"first","10":"instock","11":"taxable","12":"shipping-taxable","13":"product-type-simple"},"acf":[],"yoast_head":"<!-- This site is optimized with the Yoast SEO plugin v27.2 - https:\/\/yoast.com\/product\/yoast-seo-wordpress\/ -->\n<title>XH4 - CIK OPTION | Vegatyres - Vega Srl Saronno VA<\/title>\n<meta name=\"robots\" content=\"index, follow, max-snippet:-1, max-image-preview:large, max-video-preview:-1\" \/>\n<link rel=\"canonical\" href=\"https:\/\/vegatyres.com\/fr\/prodotto\/xh3-cik-option\/\" \/>\n<meta property=\"og:locale\" content=\"fr_FR\" \/>\n<meta property=\"og:type\" content=\"article\" \/>\n<meta property=\"og:title\" content=\"XH4 - CIK OPTION | Vegatyres - Vega Srl Saronno VA\" \/>\n<meta property=\"og:description\" content=\"CARACT\u00c9RISTIQUES   Mesure avant: 10x4.60-5  Mesure arri\u00e8re: 11x7.10-5  Pression Sug. [\u00b10.2] BAR\/PSI:\u00a0Avant 0,55 \/ 8,0 \u2013 Arri\u00e8re 0,55 \/ 0,8  Velocit\u00e0 Max: 180 km\/h - 112 mph  Peso kg [\u00b110%]: Avant 1,200 - Arri\u00e8re 1,650  FICHES DE DONN\u00c9ES   XH4-CIK OPTIONAVANT   XH4-CIK OPTIONARRI\u00c8RE\" \/>\n<meta property=\"og:url\" content=\"https:\/\/vegatyres.com\/fr\/prodotto\/xh3-cik-option\/\" \/>\n<meta property=\"og:site_name\" content=\"Vegatyres - Vega Srl Saronno VA\" \/>\n<meta property=\"article:publisher\" content=\"https:\/\/www.facebook.com\/vegatyres.official\/?paipv=0&amp;eav=AfbdurfZu4XvQFlS4CrjMzOdxMo2eYT5SQmYJZZ_RhnC3g2P7TqxxeXRRDaitdNWsao&amp;_rdr\" \/>\n<meta property=\"article:modified_time\" content=\"2024-01-26T16:18:09+00:00\" \/>\n<meta property=\"og:image\" content=\"https:\/\/vegatyres.com\/wp-content\/uploads\/2019\/07\/xh3_pneumatici_cik_fia_option_vega.jpg\" \/>\n\t<meta property=\"og:image:width\" content=\"500\" \/>\n\t<meta property=\"og:image:height\" content=\"436\" \/>\n\t<meta property=\"og:image:type\" content=\"image\/jpeg\" \/>\n<meta name=\"twitter:card\" content=\"summary_large_image\" \/>\n<script type=\"application\/ld+json\" class=\"yoast-schema-graph\">{\"@context\":\"https:\/\/schema.org\",\"@graph\":[{\"@type\":\"WebPage\",\"@id\":\"https:\/\/vegatyres.com\/fr\/prodotto\/xh3-cik-option\/\",\"url\":\"https:\/\/vegatyres.com\/fr\/prodotto\/xh3-cik-option\/\",\"name\":\"XH4 - CIK OPTION | Vegatyres - Vega Srl Saronno VA\",\"isPartOf\":{\"@id\":\"https:\/\/vegatyres.com\/#website\"},\"primaryImageOfPage\":{\"@id\":\"https:\/\/vegatyres.com\/fr\/prodotto\/xh3-cik-option\/#primaryimage\"},\"image\":{\"@id\":\"https:\/\/vegatyres.com\/fr\/prodotto\/xh3-cik-option\/#primaryimage\"},\"thumbnailUrl\":\"https:\/\/vegatyres.com\/wp-content\/uploads\/2020\/01\/XH_pneumatici_cik_fia_option_vegatyres-1.png\",\"datePublished\":\"2020-01-14T11:43:48+00:00\",\"dateModified\":\"2024-01-26T16:18:09+00:00\",\"breadcrumb\":{\"@id\":\"https:\/\/vegatyres.com\/fr\/prodotto\/xh3-cik-option\/#breadcrumb\"},\"inLanguage\":\"fr-FR\",\"potentialAction\":[{\"@type\":\"ReadAction\",\"target\":[\"https:\/\/vegatyres.com\/fr\/prodotto\/xh3-cik-option\/\"]}]},{\"@type\":\"ImageObject\",\"inLanguage\":\"fr-FR\",\"@id\":\"https:\/\/vegatyres.com\/fr\/prodotto\/xh3-cik-option\/#primaryimage\",\"url\":\"https:\/\/vegatyres.com\/wp-content\/uploads\/2020\/01\/XH_pneumatici_cik_fia_option_vegatyres-1.png\",\"contentUrl\":\"https:\/\/vegatyres.com\/wp-content\/uploads\/2020\/01\/XH_pneumatici_cik_fia_option_vegatyres-1.png\",\"width\":600,\"height\":600,\"caption\":\"Vega Tyres Logo\"},{\"@type\":\"BreadcrumbList\",\"@id\":\"https:\/\/vegatyres.com\/fr\/prodotto\/xh3-cik-option\/#breadcrumb\",\"itemListElement\":[{\"@type\":\"ListItem\",\"position\":1,\"name\":\"Home\",\"item\":\"https:\/\/vegatyres.com\/\"},{\"@type\":\"ListItem\",\"position\":2,\"name\":\"Products\",\"item\":\"https:\/\/vegatyres.com\/en\/shop\/\"},{\"@type\":\"ListItem\",\"position\":3,\"name\":\"XH3 &#8211; CIK OPTION\"}]},{\"@type\":\"WebSite\",\"@id\":\"https:\/\/vegatyres.com\/#website\",\"url\":\"https:\/\/vegatyres.com\/\",\"name\":\"Vegatyres - Vega Srl Saronno VA\",\"description\":\"Dal 1980 il produttore dei migliori pneumatici per il Kart\",\"publisher\":{\"@id\":\"https:\/\/vegatyres.com\/#organization\"},\"alternateName\":\"Vegatyres - Vega Srl Saronno VA\",\"potentialAction\":[{\"@type\":\"SearchAction\",\"target\":{\"@type\":\"EntryPoint\",\"urlTemplate\":\"https:\/\/vegatyres.com\/?s={search_term_string}\"},\"query-input\":{\"@type\":\"PropertyValueSpecification\",\"valueRequired\":true,\"valueName\":\"search_term_string\"}}],\"inLanguage\":\"fr-FR\"},{\"@type\":\"Organization\",\"@id\":\"https:\/\/vegatyres.com\/#organization\",\"name\":\"Vegatyres - Vega Srl Saronno VA\",\"alternateName\":\"Vegatyres - Vega Srl Saronno VA\",\"url\":\"https:\/\/vegatyres.com\/\",\"logo\":{\"@type\":\"ImageObject\",\"inLanguage\":\"fr-FR\",\"@id\":\"https:\/\/vegatyres.com\/#\/schema\/logo\/image\/\",\"url\":\"https:\/\/vegatyres.com\/wp-content\/uploads\/2024\/01\/cropped-Vega_logo_V_giallo_per_mappa-1.png\",\"contentUrl\":\"https:\/\/vegatyres.com\/wp-content\/uploads\/2024\/01\/cropped-Vega_logo_V_giallo_per_mappa-1.png\",\"width\":512,\"height\":512,\"caption\":\"Vegatyres - Vega Srl Saronno VA\"},\"image\":{\"@id\":\"https:\/\/vegatyres.com\/#\/schema\/logo\/image\/\"},\"sameAs\":[\"https:\/\/www.facebook.com\/vegatyres.official\/?paipv=0&eav=AfbdurfZu4XvQFlS4CrjMzOdxMo2eYT5SQmYJZZ_RhnC3g2P7TqxxeXRRDaitdNWsao&_rdr\",\"https:\/\/www.instagram.com\/vegatyres_official\"]}]}<\/script>\n<!-- \/ Yoast SEO plugin. -->","yoast_head_json":{"title":"XH4 - CIK OPTION | Vegatyres - Vega Srl Saronno VA","robots":{"index":"index","follow":"follow","max-snippet":"max-snippet:-1","max-image-preview":"max-image-preview:large","max-video-preview":"max-video-preview:-1"},"canonical":"https:\/\/vegatyres.com\/fr\/prodotto\/xh3-cik-option\/","og_locale":"fr_FR","og_type":"article","og_title":"XH4 - CIK OPTION | Vegatyres - Vega Srl Saronno VA","og_description":"CARACT\u00c9RISTIQUES   Mesure avant: 10x4.60-5  Mesure arri\u00e8re: 11x7.10-5  Pression Sug. [\u00b10.2] BAR\/PSI:\u00a0Avant 0,55 \/ 8,0 \u2013 Arri\u00e8re 0,55 \/ 0,8  Velocit\u00e0 Max: 180 km\/h - 112 mph  Peso kg [\u00b110%]: Avant 1,200 - Arri\u00e8re 1,650  FICHES DE DONN\u00c9ES   XH4-CIK OPTIONAVANT   XH4-CIK OPTIONARRI\u00c8RE","og_url":"https:\/\/vegatyres.com\/fr\/prodotto\/xh3-cik-option\/","og_site_name":"Vegatyres - Vega Srl Saronno VA","article_publisher":"https:\/\/www.facebook.com\/vegatyres.official\/?paipv=0&eav=AfbdurfZu4XvQFlS4CrjMzOdxMo2eYT5SQmYJZZ_RhnC3g2P7TqxxeXRRDaitdNWsao&_rdr","article_modified_time":"2024-01-26T16:18:09+00:00","og_image":[{"width":500,"height":436,"url":"https:\/\/vegatyres.com\/wp-content\/uploads\/2019\/07\/xh3_pneumatici_cik_fia_option_vega.jpg","type":"image\/jpeg"}],"twitter_card":"summary_large_image","schema":{"@context":"https:\/\/schema.org","@graph":[{"@type":"WebPage","@id":"https:\/\/vegatyres.com\/fr\/prodotto\/xh3-cik-option\/","url":"https:\/\/vegatyres.com\/fr\/prodotto\/xh3-cik-option\/","name":"XH4 - CIK OPTION | Vegatyres - Vega Srl Saronno VA","isPartOf":{"@id":"https:\/\/vegatyres.com\/#website"},"primaryImageOfPage":{"@id":"https:\/\/vegatyres.com\/fr\/prodotto\/xh3-cik-option\/#primaryimage"},"image":{"@id":"https:\/\/vegatyres.com\/fr\/prodotto\/xh3-cik-option\/#primaryimage"},"thumbnailUrl":"https:\/\/vegatyres.com\/wp-content\/uploads\/2020\/01\/XH_pneumatici_cik_fia_option_vegatyres-1.png","datePublished":"2020-01-14T11:43:48+00:00","dateModified":"2024-01-26T16:18:09+00:00","breadcrumb":{"@id":"https:\/\/vegatyres.com\/fr\/prodotto\/xh3-cik-option\/#breadcrumb"},"inLanguage":"fr-FR","potentialAction":[{"@type":"ReadAction","target":["https:\/\/vegatyres.com\/fr\/prodotto\/xh3-cik-option\/"]}]},{"@type":"ImageObject","inLanguage":"fr-FR","@id":"https:\/\/vegatyres.com\/fr\/prodotto\/xh3-cik-option\/#primaryimage","url":"https:\/\/vegatyres.com\/wp-content\/uploads\/2020\/01\/XH_pneumatici_cik_fia_option_vegatyres-1.png","contentUrl":"https:\/\/vegatyres.com\/wp-content\/uploads\/2020\/01\/XH_pneumatici_cik_fia_option_vegatyres-1.png","width":600,"height":600,"caption":"Vega Tyres Logo"},{"@type":"BreadcrumbList","@id":"https:\/\/vegatyres.com\/fr\/prodotto\/xh3-cik-option\/#breadcrumb","itemListElement":[{"@type":"ListItem","position":1,"name":"Home","item":"https:\/\/vegatyres.com\/"},{"@type":"ListItem","position":2,"name":"Products","item":"https:\/\/vegatyres.com\/en\/shop\/"},{"@type":"ListItem","position":3,"name":"XH3 &#8211; CIK OPTION"}]},{"@type":"WebSite","@id":"https:\/\/vegatyres.com\/#website","url":"https:\/\/vegatyres.com\/","name":"Vegatyres - Vega Srl Saronno VA","description":"Dal 1980 il produttore dei migliori pneumatici per il Kart","publisher":{"@id":"https:\/\/vegatyres.com\/#organization"},"alternateName":"Vegatyres - Vega Srl Saronno VA","potentialAction":[{"@type":"SearchAction","target":{"@type":"EntryPoint","urlTemplate":"https:\/\/vegatyres.com\/?s={search_term_string}"},"query-input":{"@type":"PropertyValueSpecification","valueRequired":true,"valueName":"search_term_string"}}],"inLanguage":"fr-FR"},{"@type":"Organization","@id":"https:\/\/vegatyres.com\/#organization","name":"Vegatyres - Vega Srl Saronno VA","alternateName":"Vegatyres - Vega Srl Saronno VA","url":"https:\/\/vegatyres.com\/","logo":{"@type":"ImageObject","inLanguage":"fr-FR","@id":"https:\/\/vegatyres.com\/#\/schema\/logo\/image\/","url":"https:\/\/vegatyres.com\/wp-content\/uploads\/2024\/01\/cropped-Vega_logo_V_giallo_per_mappa-1.png","contentUrl":"https:\/\/vegatyres.com\/wp-content\/uploads\/2024\/01\/cropped-Vega_logo_V_giallo_per_mappa-1.png","width":512,"height":512,"caption":"Vegatyres - Vega Srl Saronno VA"},"image":{"@id":"https:\/\/vegatyres.com\/#\/schema\/logo\/image\/"},"sameAs":["https:\/\/www.facebook.com\/vegatyres.official\/?paipv=0&eav=AfbdurfZu4XvQFlS4CrjMzOdxMo2eYT5SQmYJZZ_RhnC3g2P7TqxxeXRRDaitdNWsao&_rdr","https:\/\/www.instagram.com\/vegatyres_official"]}]}},"_links":{"self":[{"href":"https:\/\/vegatyres.com\/fr\/wp-json\/wp\/v2\/product\/1322","targetHints":{"allow":["GET"]}}],"collection":[{"href":"https:\/\/vegatyres.com\/fr\/wp-json\/wp\/v2\/product"}],"about":[{"href":"https:\/\/vegatyres.com\/fr\/wp-json\/wp\/v2\/types\/product"}],"version-history":[{"count":3,"href":"https:\/\/vegatyres.com\/fr\/wp-json\/wp\/v2\/product\/1322\/revisions"}],"predecessor-version":[{"id":7771,"href":"https:\/\/vegatyres.com\/fr\/wp-json\/wp\/v2\/product\/1322\/revisions\/7771"}],"wp:featuredmedia":[{"embeddable":true,"href":"https:\/\/vegatyres.com\/fr\/wp-json\/wp\/v2\/media\/7159"}],"wp:attachment":[{"href":"https:\/\/vegatyres.com\/fr\/wp-json\/wp\/v2\/media?parent=1322"}],"wp:term":[{"taxonomy":"product_brand","embeddable":true,"href":"https:\/\/vegatyres.com\/fr\/wp-json\/wp\/v2\/product_brand?post=1322"},{"taxonomy":"product_cat","embeddable":true,"href":"https:\/\/vegatyres.com\/fr\/wp-json\/wp\/v2\/product_cat?post=1322"},{"taxonomy":"product_tag","embeddable":true,"href":"https:\/\/vegatyres.com\/fr\/wp-json\/wp\/v2\/product_tag?post=1322"}],"curies":[{"name":"wp","href":"https:\/\/api.w.org\/{rel}","templated":true}]}}