{"id":1316,"date":"2020-01-14T12:47:18","date_gmt":"2020-01-14T11:47:18","guid":{"rendered":"https:\/\/vegatyres.com\/prodotto\/xm3-cik-prime\/"},"modified":"2024-01-26T17:17:50","modified_gmt":"2024-01-26T16:17:50","slug":"xm4-cik-prime","status":"publish","type":"product","link":"https:\/\/vegatyres.com\/fr\/prodotto\/xm4-cik-prime\/","title":{"rendered":"XM4 &#8211; CIK PRIME"},"content":{"rendered":"\t\t<div data-elementor-type=\"product\" data-elementor-id=\"5194\" class=\"elementor elementor-5194 elementor-3850\">\n\t\t\t\t\t\t<section class=\"elementor-section elementor-top-section elementor-element elementor-element-5721d1f elementor-section-boxed elementor-section-height-default elementor-section-height-default\" data-id=\"5721d1f\" data-element_type=\"section\" data-e-type=\"section\" data-settings=\"{&quot;jet_parallax_layout_list&quot;:[],&quot;background_background&quot;:&quot;classic&quot;}\">\n\t\t\t\t\t\t<div class=\"elementor-container elementor-column-gap-default\">\n\t\t\t\t\t<div class=\"elementor-column elementor-col-50 elementor-top-column elementor-element elementor-element-f9705c7\" data-id=\"f9705c7\" data-element_type=\"column\" data-e-type=\"column\">\n\t\t\t<div class=\"elementor-widget-wrap elementor-element-populated\">\n\t\t\t\t\t\t<div class=\"elementor-element elementor-element-004e101 elementor-widget elementor-widget-jet-bar-chart\" data-id=\"004e101\" data-element_type=\"widget\" data-e-type=\"widget\" data-widget_type=\"jet-bar-chart.default\">\n\t\t\t\t<div class=\"elementor-widget-container\">\n\t\t\t\t\t<div class=\"elementor-jet-bar-chart jet-elements\">\t\t<div class=\"jet-bar-chart-container\" data-settings=\"{&quot;type&quot;:&quot;horizontalBar&quot;,&quot;data&quot;:{&quot;labels&quot;:[&quot;Grip&quot;,&quot; Easy to drive&quot;,&quot; High engine power&quot;,&quot; Compound softness&quot;,&quot; Carcass stifness&quot;,&quot; Fits shifter- kz&quot;,&quot; Fits direct drive&quot;,&quot; Wear resistance&quot;,&quot; Consistancy&quot;],&quot;datasets&quot;:[{&quot;label&quot;:&quot;XM4-CIK PRIME&quot;,&quot;data&quot;:[5,3,5,3,4,5,5,3,5],&quot;_id&quot;:&quot;2cbe0aa&quot;,&quot;__globals__&quot;:{&quot;bg_color&quot;:&quot;globals\\\/colors?id=text&quot;,&quot;bg_hover_color&quot;:&quot;globals\\\/colors?id=secondary&quot;,&quot;border_color&quot;:&quot;globals\\\/colors?id=primary&quot;,&quot;border_hover_color&quot;:&quot;globals\\\/colors?id=primary&quot;},&quot;index&quot;:0,&quot;bg_color&quot;:&quot;#FFFFFF&quot;,&quot;bg_hover_color&quot;:&quot;#0156A2&quot;,&quot;border_color&quot;:&quot;#1F2A41&quot;,&quot;border_hover_color&quot;:&quot;#1F2A41&quot;,&quot;backgroundColor&quot;:&quot;#FFFFFF&quot;,&quot;hoverBackgroundColor&quot;:&quot;#0156A2&quot;,&quot;borderColor&quot;:&quot;#1F2A41&quot;,&quot;hoverBorderColor&quot;:&quot;#1F2A41&quot;,&quot;borderWidth&quot;:0}]},&quot;options&quot;:{&quot;tooltips&quot;:{&quot;enabled&quot;:true,&quot;backgroundColor&quot;:&quot;#1F2A41&quot;,&quot;titleFontColor&quot;:&quot;#FFFFFF&quot;,&quot;bodyFontColor&quot;:&quot;#FFFFFF&quot;},&quot;legend&quot;:{&quot;display&quot;:false,&quot;position&quot;:&quot;top&quot;,&quot;reverse&quot;:false,&quot;align&quot;:&quot;center&quot;},&quot;maintainAspectRatio&quot;:false,&quot;scales&quot;:{&quot;yAxes&quot;:[{&quot;ticks&quot;:{&quot;display&quot;:true,&quot;beginAtZero&quot;:true,&quot;max&quot;:5,&quot;stepSize&quot;:1,&quot;fontColor&quot;:&quot;#FFFFFF&quot;},&quot;gridLines&quot;:{&quot;drawBorder&quot;:false,&quot;color&quot;:&quot;#FFFFFF&quot;}}],&quot;xAxes&quot;:[{&quot;ticks&quot;:{&quot;display&quot;:true,&quot;beginAtZero&quot;:true,&quot;max&quot;:5,&quot;stepSize&quot;:1,&quot;fontColor&quot;:&quot;#FFFFFF&quot;},&quot;gridLines&quot;:{&quot;drawBorder&quot;:false,&quot;color&quot;:&quot;#FFFFFF&quot;}}]}}}\" data-tooltip-prefix=\"\" data-tooltip-suffix=\"\" data-tooltip-separator=\"\" data-axis-separator=\"\" data-labels-length=\"50\">\n\t\t\t<canvas class=\"jet-bar-chart\" role=\"img\"><\/canvas>\n\t\t<\/div>\n\t\t<\/div>\t\t\t\t<\/div>\n\t\t\t\t<\/div>\n\t\t\t\t\t<\/div>\n\t\t<\/div>\n\t\t\t\t<div class=\"elementor-column elementor-col-50 elementor-top-column elementor-element elementor-element-1e18128\" data-id=\"1e18128\" data-element_type=\"column\" data-e-type=\"column\">\n\t\t\t<div class=\"elementor-widget-wrap elementor-element-populated\">\n\t\t\t\t\t\t<div class=\"elementor-element elementor-element-e49c761 elementor-widget elementor-widget-text-editor\" data-id=\"e49c761\" data-element_type=\"widget\" data-e-type=\"widget\" data-widget_type=\"text-editor.default\">\n\t\t\t\t<div class=\"elementor-widget-container\">\n\t\t\t\t\t\t\t\t\tLe \u201cVEGA BLANC\u201d est depuis des ann\u00e9es synonyme d\u2019excellence, repr\u00e9sentant la r\u00e9f\u00e9rence des pneus de karting.\r\n\r\nIl est normal donc de pr\u00e9tendre au maximum de la version 2024-2026, qui s\u2019appelle \u00e0 pr\u00e9sent XM4 CIK PRIME.\r\n\r\nPar rapport \u00e0 la version pr\u00e9c\u00e9dente XM3, le nouveau XM4 a une composition de gomme plus r\u00e9sistante \u00e0 l\u2019abrasion, qui permettra plus de constance, tours apr\u00e8s tours et sessions apr\u00e8s sessions.\r\n\r\nXM4 ne d\u00e9cevra pas vos attentes : c\u2019est encore une fois le pneu qui ne fait pas de compromis. Adh\u00e9rence maximum, constance, niveau de r\u00e9sistance \u00e0 l\u2019usure \u00e9lev\u00e9 et augmentation du plaisir de conduite avec son effet \u201crail\u201d\r\n\r\nC\u2019est le pneu pour qui d\u00e9sire obtenir le maximum de prestations de son mat\u00e9riel.\r\nFruit d\u2019un d\u00e9veloppement durant plusieurs ann\u00e9es avec les meilleurs pilotes du monde, sa nouvelle carcasse est adapt\u00e9e \u00e0 tous les karts, que ce soit \u00e0 boite de vitesse ou \u00e0 prise directe. La nouvelle gomme d\u00e9velopp\u00e9e avec des technologies avant-gardistes, permettra de faire des temps toujours plus rapides tours apr\u00e8s tours.\t\t\t\t\t\t\t\t<\/div>\n\t\t\t\t<\/div>\n\t\t\t\t\t<\/div>\n\t\t<\/div>\n\t\t\t\t\t<\/div>\n\t\t<\/section>\n\t\t\t\t<\/div>\n\t\t\n","protected":false},"excerpt":{"rendered":"<h5 style=\"color: #ffde00;\">CARACT\u00c9RISTIQUES<\/h5>\n<ul>\n<li class=\"element element-text first\"><strong>Mesure avant: <\/strong>10&#215;4.60-5<\/li>\n<li class=\"element element-text\"><strong>Mesure arri\u00e8re: <\/strong>11&#215;7.10-5<\/li>\n<li><strong>Pression Sug.<br \/>\n[\u00b10.2] BAR\/PSI:\u00a0<\/strong>Avant 0,55 \/ 8,0 \u2013 Arri\u00e8re 0,55 \/ 8,0<\/li>\n<li class=\"element element-text\"><strong>Vitesse Max: <\/strong>180 km\/h &#8211; 112 mph<\/li>\n<li class=\"element element-text last\"><strong>Poids kg [+\/- 10%]: <\/strong>Avant 1,200 &#8211; Arri\u00e8re 1,650<\/li>\n<\/ul>\n<h5 style=\"color: #ffde00;\">FICHES DE DONN\u00c9ES<\/h5>\n<div class=\"row\">\n<div class=\"column\">\n<p style=\"font-size: 15px;\">XM4-CIK PRIME<BR>AVANT<\/p>\n<p><a title=\"Download Vega_XM3_Cik_Prime_047_TP-10.pdf\" href=\"\/download\/xm3-ant\/?wpdmdl=1155&amp;refresh=5e1dc6886dd1a1579009672\" target=\"_blank\" rel=\"noopener\"><img decoding=\"async\" class=\"alignnone size-full wp-image-173\" src=\"\/wp-content\/uploads\/2024\/01\/vegatyres_immagine_pdf-1.png\" alt=\"\" width=\"50\" height=\"50\" \/><\/a><\/div>\n<div class=\"column\">\n<p style=\"font-size: 15px;\">XM4-CIK PRIME<BR>ARRI\u00c8RE<\/p>\n<p><a title=\"Download Vega_XM3_Cik_Prime_047_TP_34.pdf\" href=\"\/download\/xm3-post\/?wpdmdl=1153&amp;refresh=5e1dc5d7c1eac1579009495\" target=\"_blank\" rel=\"noopener\"><img decoding=\"async\" class=\"alignnone size-full wp-image-173\" src=\"\/wp-content\/uploads\/2024\/01\/vegatyres_immagine_pdf-1.png\" alt=\"\" width=\"50\" height=\"50\" \/><\/a><\/div>\n<div class=\"column\"><img decoding=\"async\" class=\"alignnone size-full wp-image-179\" src=\"\/wp-content\/uploads\/2024\/01\/cik-fia-karting_logo.png\" alt=\"\" width=\"60\" height=\"60\" \/><\/div>\n<\/div>\n","protected":false},"featured_media":7114,"template":"","meta":{"_acf_changed":false},"product_brand":[],"product_cat":[36,41],"product_tag":[],"class_list":{"0":"post-1316","1":"product","2":"type-product","3":"status-publish","4":"has-post-thumbnail","6":"product_cat-cik-fia-homologated-fr","7":"product_cat-slick-fr","9":"first","10":"instock","11":"taxable","12":"shipping-taxable","13":"product-type-simple"},"acf":[],"yoast_head":"<!-- This site is optimized with the Yoast SEO plugin v27.2 - https:\/\/yoast.com\/product\/yoast-seo-wordpress\/ -->\n<title>XM4 - CIK PRIME | Vegatyres - Vega Srl Saronno VA<\/title>\n<meta name=\"robots\" content=\"index, follow, max-snippet:-1, max-image-preview:large, max-video-preview:-1\" \/>\n<link rel=\"canonical\" href=\"https:\/\/vegatyres.com\/fr\/prodotto\/xm3-cik-prime\/\" \/>\n<meta property=\"og:locale\" content=\"fr_FR\" \/>\n<meta property=\"og:type\" content=\"article\" \/>\n<meta property=\"og:title\" content=\"XM4 - CIK PRIME | Vegatyres - Vega Srl Saronno VA\" \/>\n<meta property=\"og:description\" content=\"CARACT\u00c9RISTIQUES   Mesure avant: 10x4.60-5  Mesure arri\u00e8re: 11x7.10-5  Pression Sug. [\u00b10.2] BAR\/PSI:\u00a0Avant 0,55 \/ 8,0 \u2013 Arri\u00e8re 0,55 \/ 8,0  Vitesse Max: 180 km\/h - 112 mph  Poids kg [+\/- 10%]: Avant 1,200 - Arri\u00e8re 1,650  FICHES DE DONN\u00c9ES   XM4-CIK PRIMEAVANT   XM4-CIK PRIMEARRI\u00c8RE\" \/>\n<meta property=\"og:url\" content=\"https:\/\/vegatyres.com\/fr\/prodotto\/xm3-cik-prime\/\" \/>\n<meta property=\"og:site_name\" content=\"Vegatyres - Vega Srl Saronno VA\" \/>\n<meta property=\"article:publisher\" content=\"https:\/\/www.facebook.com\/vegatyres.official\/?paipv=0&amp;eav=AfbdurfZu4XvQFlS4CrjMzOdxMo2eYT5SQmYJZZ_RhnC3g2P7TqxxeXRRDaitdNWsao&amp;_rdr\" \/>\n<meta property=\"article:modified_time\" content=\"2024-01-26T16:17:50+00:00\" \/>\n<meta property=\"og:image\" content=\"https:\/\/vegatyres.com\/wp-content\/uploads\/2019\/07\/vega_pneumatici_xm3_cik_fia.png\" \/>\n\t<meta property=\"og:image:width\" content=\"400\" \/>\n\t<meta property=\"og:image:height\" content=\"349\" \/>\n\t<meta property=\"og:image:type\" content=\"image\/png\" \/>\n<meta name=\"twitter:card\" content=\"summary_large_image\" \/>\n<script type=\"application\/ld+json\" class=\"yoast-schema-graph\">{\"@context\":\"https:\/\/schema.org\",\"@graph\":[{\"@type\":\"WebPage\",\"@id\":\"https:\/\/vegatyres.com\/fr\/prodotto\/xm3-cik-prime\/\",\"url\":\"https:\/\/vegatyres.com\/fr\/prodotto\/xm3-cik-prime\/\",\"name\":\"XM4 - CIK PRIME | Vegatyres - Vega Srl Saronno VA\",\"isPartOf\":{\"@id\":\"https:\/\/vegatyres.com\/#website\"},\"primaryImageOfPage\":{\"@id\":\"https:\/\/vegatyres.com\/fr\/prodotto\/xm3-cik-prime\/#primaryimage\"},\"image\":{\"@id\":\"https:\/\/vegatyres.com\/fr\/prodotto\/xm3-cik-prime\/#primaryimage\"},\"thumbnailUrl\":\"https:\/\/vegatyres.com\/wp-content\/uploads\/2020\/01\/XM_pneumatici_cik_fia_prime_vegatyres-1.png\",\"datePublished\":\"2020-01-14T11:47:18+00:00\",\"dateModified\":\"2024-01-26T16:17:50+00:00\",\"breadcrumb\":{\"@id\":\"https:\/\/vegatyres.com\/fr\/prodotto\/xm3-cik-prime\/#breadcrumb\"},\"inLanguage\":\"fr-FR\",\"potentialAction\":[{\"@type\":\"ReadAction\",\"target\":[\"https:\/\/vegatyres.com\/fr\/prodotto\/xm3-cik-prime\/\"]}]},{\"@type\":\"ImageObject\",\"inLanguage\":\"fr-FR\",\"@id\":\"https:\/\/vegatyres.com\/fr\/prodotto\/xm3-cik-prime\/#primaryimage\",\"url\":\"https:\/\/vegatyres.com\/wp-content\/uploads\/2020\/01\/XM_pneumatici_cik_fia_prime_vegatyres-1.png\",\"contentUrl\":\"https:\/\/vegatyres.com\/wp-content\/uploads\/2020\/01\/XM_pneumatici_cik_fia_prime_vegatyres-1.png\",\"width\":600,\"height\":600},{\"@type\":\"BreadcrumbList\",\"@id\":\"https:\/\/vegatyres.com\/fr\/prodotto\/xm3-cik-prime\/#breadcrumb\",\"itemListElement\":[{\"@type\":\"ListItem\",\"position\":1,\"name\":\"Home\",\"item\":\"https:\/\/vegatyres.com\/\"},{\"@type\":\"ListItem\",\"position\":2,\"name\":\"Products\",\"item\":\"https:\/\/vegatyres.com\/en\/shop\/\"},{\"@type\":\"ListItem\",\"position\":3,\"name\":\"XM3-CIK PRIME\"}]},{\"@type\":\"WebSite\",\"@id\":\"https:\/\/vegatyres.com\/#website\",\"url\":\"https:\/\/vegatyres.com\/\",\"name\":\"Vegatyres - Vega Srl Saronno VA\",\"description\":\"Dal 1980 il produttore dei migliori pneumatici per il Kart\",\"publisher\":{\"@id\":\"https:\/\/vegatyres.com\/#organization\"},\"alternateName\":\"Vegatyres - Vega Srl Saronno VA\",\"potentialAction\":[{\"@type\":\"SearchAction\",\"target\":{\"@type\":\"EntryPoint\",\"urlTemplate\":\"https:\/\/vegatyres.com\/?s={search_term_string}\"},\"query-input\":{\"@type\":\"PropertyValueSpecification\",\"valueRequired\":true,\"valueName\":\"search_term_string\"}}],\"inLanguage\":\"fr-FR\"},{\"@type\":\"Organization\",\"@id\":\"https:\/\/vegatyres.com\/#organization\",\"name\":\"Vegatyres - Vega Srl Saronno VA\",\"alternateName\":\"Vegatyres - Vega Srl Saronno VA\",\"url\":\"https:\/\/vegatyres.com\/\",\"logo\":{\"@type\":\"ImageObject\",\"inLanguage\":\"fr-FR\",\"@id\":\"https:\/\/vegatyres.com\/#\/schema\/logo\/image\/\",\"url\":\"https:\/\/vegatyres.com\/wp-content\/uploads\/2024\/01\/cropped-Vega_logo_V_giallo_per_mappa-1.png\",\"contentUrl\":\"https:\/\/vegatyres.com\/wp-content\/uploads\/2024\/01\/cropped-Vega_logo_V_giallo_per_mappa-1.png\",\"width\":512,\"height\":512,\"caption\":\"Vegatyres - Vega Srl Saronno VA\"},\"image\":{\"@id\":\"https:\/\/vegatyres.com\/#\/schema\/logo\/image\/\"},\"sameAs\":[\"https:\/\/www.facebook.com\/vegatyres.official\/?paipv=0&eav=AfbdurfZu4XvQFlS4CrjMzOdxMo2eYT5SQmYJZZ_RhnC3g2P7TqxxeXRRDaitdNWsao&_rdr\",\"https:\/\/www.instagram.com\/vegatyres_official\"]}]}<\/script>\n<!-- \/ Yoast SEO plugin. -->","yoast_head_json":{"title":"XM4 - CIK PRIME | Vegatyres - Vega Srl Saronno VA","robots":{"index":"index","follow":"follow","max-snippet":"max-snippet:-1","max-image-preview":"max-image-preview:large","max-video-preview":"max-video-preview:-1"},"canonical":"https:\/\/vegatyres.com\/fr\/prodotto\/xm3-cik-prime\/","og_locale":"fr_FR","og_type":"article","og_title":"XM4 - CIK PRIME | Vegatyres - Vega Srl Saronno VA","og_description":"CARACT\u00c9RISTIQUES   Mesure avant: 10x4.60-5  Mesure arri\u00e8re: 11x7.10-5  Pression Sug. [\u00b10.2] BAR\/PSI:\u00a0Avant 0,55 \/ 8,0 \u2013 Arri\u00e8re 0,55 \/ 8,0  Vitesse Max: 180 km\/h - 112 mph  Poids kg [+\/- 10%]: Avant 1,200 - Arri\u00e8re 1,650  FICHES DE DONN\u00c9ES   XM4-CIK PRIMEAVANT   XM4-CIK PRIMEARRI\u00c8RE","og_url":"https:\/\/vegatyres.com\/fr\/prodotto\/xm3-cik-prime\/","og_site_name":"Vegatyres - Vega Srl Saronno VA","article_publisher":"https:\/\/www.facebook.com\/vegatyres.official\/?paipv=0&eav=AfbdurfZu4XvQFlS4CrjMzOdxMo2eYT5SQmYJZZ_RhnC3g2P7TqxxeXRRDaitdNWsao&_rdr","article_modified_time":"2024-01-26T16:17:50+00:00","og_image":[{"width":400,"height":349,"url":"https:\/\/vegatyres.com\/wp-content\/uploads\/2019\/07\/vega_pneumatici_xm3_cik_fia.png","type":"image\/png"}],"twitter_card":"summary_large_image","schema":{"@context":"https:\/\/schema.org","@graph":[{"@type":"WebPage","@id":"https:\/\/vegatyres.com\/fr\/prodotto\/xm3-cik-prime\/","url":"https:\/\/vegatyres.com\/fr\/prodotto\/xm3-cik-prime\/","name":"XM4 - CIK PRIME | Vegatyres - Vega Srl Saronno VA","isPartOf":{"@id":"https:\/\/vegatyres.com\/#website"},"primaryImageOfPage":{"@id":"https:\/\/vegatyres.com\/fr\/prodotto\/xm3-cik-prime\/#primaryimage"},"image":{"@id":"https:\/\/vegatyres.com\/fr\/prodotto\/xm3-cik-prime\/#primaryimage"},"thumbnailUrl":"https:\/\/vegatyres.com\/wp-content\/uploads\/2020\/01\/XM_pneumatici_cik_fia_prime_vegatyres-1.png","datePublished":"2020-01-14T11:47:18+00:00","dateModified":"2024-01-26T16:17:50+00:00","breadcrumb":{"@id":"https:\/\/vegatyres.com\/fr\/prodotto\/xm3-cik-prime\/#breadcrumb"},"inLanguage":"fr-FR","potentialAction":[{"@type":"ReadAction","target":["https:\/\/vegatyres.com\/fr\/prodotto\/xm3-cik-prime\/"]}]},{"@type":"ImageObject","inLanguage":"fr-FR","@id":"https:\/\/vegatyres.com\/fr\/prodotto\/xm3-cik-prime\/#primaryimage","url":"https:\/\/vegatyres.com\/wp-content\/uploads\/2020\/01\/XM_pneumatici_cik_fia_prime_vegatyres-1.png","contentUrl":"https:\/\/vegatyres.com\/wp-content\/uploads\/2020\/01\/XM_pneumatici_cik_fia_prime_vegatyres-1.png","width":600,"height":600},{"@type":"BreadcrumbList","@id":"https:\/\/vegatyres.com\/fr\/prodotto\/xm3-cik-prime\/#breadcrumb","itemListElement":[{"@type":"ListItem","position":1,"name":"Home","item":"https:\/\/vegatyres.com\/"},{"@type":"ListItem","position":2,"name":"Products","item":"https:\/\/vegatyres.com\/en\/shop\/"},{"@type":"ListItem","position":3,"name":"XM3-CIK PRIME"}]},{"@type":"WebSite","@id":"https:\/\/vegatyres.com\/#website","url":"https:\/\/vegatyres.com\/","name":"Vegatyres - Vega Srl Saronno VA","description":"Dal 1980 il produttore dei migliori pneumatici per il Kart","publisher":{"@id":"https:\/\/vegatyres.com\/#organization"},"alternateName":"Vegatyres - Vega Srl Saronno VA","potentialAction":[{"@type":"SearchAction","target":{"@type":"EntryPoint","urlTemplate":"https:\/\/vegatyres.com\/?s={search_term_string}"},"query-input":{"@type":"PropertyValueSpecification","valueRequired":true,"valueName":"search_term_string"}}],"inLanguage":"fr-FR"},{"@type":"Organization","@id":"https:\/\/vegatyres.com\/#organization","name":"Vegatyres - Vega Srl Saronno VA","alternateName":"Vegatyres - Vega Srl Saronno VA","url":"https:\/\/vegatyres.com\/","logo":{"@type":"ImageObject","inLanguage":"fr-FR","@id":"https:\/\/vegatyres.com\/#\/schema\/logo\/image\/","url":"https:\/\/vegatyres.com\/wp-content\/uploads\/2024\/01\/cropped-Vega_logo_V_giallo_per_mappa-1.png","contentUrl":"https:\/\/vegatyres.com\/wp-content\/uploads\/2024\/01\/cropped-Vega_logo_V_giallo_per_mappa-1.png","width":512,"height":512,"caption":"Vegatyres - Vega Srl Saronno VA"},"image":{"@id":"https:\/\/vegatyres.com\/#\/schema\/logo\/image\/"},"sameAs":["https:\/\/www.facebook.com\/vegatyres.official\/?paipv=0&eav=AfbdurfZu4XvQFlS4CrjMzOdxMo2eYT5SQmYJZZ_RhnC3g2P7TqxxeXRRDaitdNWsao&_rdr","https:\/\/www.instagram.com\/vegatyres_official"]}]}},"_links":{"self":[{"href":"https:\/\/vegatyres.com\/fr\/wp-json\/wp\/v2\/product\/1316","targetHints":{"allow":["GET"]}}],"collection":[{"href":"https:\/\/vegatyres.com\/fr\/wp-json\/wp\/v2\/product"}],"about":[{"href":"https:\/\/vegatyres.com\/fr\/wp-json\/wp\/v2\/types\/product"}],"version-history":[{"count":3,"href":"https:\/\/vegatyres.com\/fr\/wp-json\/wp\/v2\/product\/1316\/revisions"}],"predecessor-version":[{"id":7769,"href":"https:\/\/vegatyres.com\/fr\/wp-json\/wp\/v2\/product\/1316\/revisions\/7769"}],"wp:featuredmedia":[{"embeddable":true,"href":"https:\/\/vegatyres.com\/fr\/wp-json\/wp\/v2\/media\/7114"}],"wp:attachment":[{"href":"https:\/\/vegatyres.com\/fr\/wp-json\/wp\/v2\/media?parent=1316"}],"wp:term":[{"taxonomy":"product_brand","embeddable":true,"href":"https:\/\/vegatyres.com\/fr\/wp-json\/wp\/v2\/product_brand?post=1316"},{"taxonomy":"product_cat","embeddable":true,"href":"https:\/\/vegatyres.com\/fr\/wp-json\/wp\/v2\/product_cat?post=1316"},{"taxonomy":"product_tag","embeddable":true,"href":"https:\/\/vegatyres.com\/fr\/wp-json\/wp\/v2\/product_tag?post=1316"}],"curies":[{"name":"wp","href":"https:\/\/api.w.org\/{rel}","templated":true}]}}