{"id":1310,"date":"2020-01-14T18:19:37","date_gmt":"2020-01-14T17:19:37","guid":{"rendered":"https:\/\/vegatyres.com\/backstage-calendrier\/"},"modified":"2024-07-12T17:23:20","modified_gmt":"2024-07-12T15:23:20","slug":"video-backstage","status":"publish","type":"page","link":"https:\/\/vegatyres.com\/fr\/video-backstage\/","title":{"rendered":"Video Backstage"},"content":{"rendered":"\t\t<div data-elementor-type=\"wp-page\" data-elementor-id=\"1310\" class=\"elementor elementor-1310 elementor-913\">\n\t\t\t\t\t\t<section class=\"elementor-section elementor-top-section elementor-element elementor-element-89f0390 elementor-section-boxed elementor-section-height-default elementor-section-height-default\" data-id=\"89f0390\" data-element_type=\"section\" data-e-type=\"section\" data-settings=\"{&quot;jet_parallax_layout_list&quot;:[],&quot;background_background&quot;:&quot;classic&quot;}\">\n\t\t\t\t\t\t<div class=\"elementor-container elementor-column-gap-default\">\n\t\t\t\t\t<div class=\"elementor-column elementor-col-100 elementor-top-column elementor-element elementor-element-0a6c8b4\" data-id=\"0a6c8b4\" data-element_type=\"column\" data-e-type=\"column\">\n\t\t\t<div class=\"elementor-widget-wrap elementor-element-populated\">\n\t\t\t\t\t\t<section class=\"elementor-section elementor-inner-section elementor-element elementor-element-848ba40 elementor-section-boxed elementor-section-height-default elementor-section-height-default\" data-id=\"848ba40\" data-element_type=\"section\" data-e-type=\"section\" data-settings=\"{&quot;jet_parallax_layout_list&quot;:[]}\">\n\t\t\t\t\t\t<div class=\"elementor-container elementor-column-gap-default\">\n\t\t\t\t\t<div class=\"elementor-column elementor-col-50 elementor-inner-column elementor-element elementor-element-3d04bf6\" data-id=\"3d04bf6\" data-element_type=\"column\" data-e-type=\"column\">\n\t\t\t<div class=\"elementor-widget-wrap elementor-element-populated\">\n\t\t\t\t\t\t<div class=\"elementor-element elementor-element-c4bab8f elementor-mobile-align-left animated-fast elementor-align-left elementor-invisible elementor-widget elementor-widget-raven-heading\" data-id=\"c4bab8f\" data-element_type=\"widget\" data-e-type=\"widget\" data-settings=\"{&quot;_animation&quot;:&quot;fadeInLeft&quot;}\" data-widget_type=\"raven-heading.default\">\n\t\t\t\t<div class=\"elementor-widget-container\">\n\t\t\t\t\t\t\t<div class=\"raven-widget-wrapper\"><h3 class=\"raven-heading raven-heading-h3\"><span class=\"raven-heading-title \"><span class=\"raven-heading-title-inner elementor-inline-editing \" data-text=\"BACKSTAGE\" data-elementor-setting-key=\"title\">BACKSTAGE<\/span><\/span><\/h3><\/div>\n\t\t\t\t\t\t<\/div>\n\t\t\t\t<\/div>\n\t\t\t\t<div class=\"elementor-element elementor-element-aef718a elementor-mobile-align-left animated-fast elementor-align-left elementor-invisible elementor-widget elementor-widget-raven-heading\" data-id=\"aef718a\" data-element_type=\"widget\" data-e-type=\"widget\" data-settings=\"{&quot;_animation&quot;:&quot;fadeInLeft&quot;}\" data-widget_type=\"raven-heading.default\">\n\t\t\t\t<div class=\"elementor-widget-container\">\n\t\t\t\t\t\t\t<div class=\"raven-widget-wrapper\"><h2 class=\"raven-heading raven-heading-h2\"><span class=\"raven-heading-title \"><span class=\"raven-heading-title-inner elementor-inline-editing \" data-text=\"CALENDARIER\" data-elementor-setting-key=\"title\">CALENDARIER<\/span><\/span><\/h2><\/div>\n\t\t\t\t\t\t<\/div>\n\t\t\t\t<\/div>\n\t\t\t\t\t<\/div>\n\t\t<\/div>\n\t\t\t\t<div class=\"elementor-column elementor-col-50 elementor-inner-column elementor-element elementor-element-3e8f3ca\" data-id=\"3e8f3ca\" data-element_type=\"column\" data-e-type=\"column\">\n\t\t\t<div class=\"elementor-widget-wrap elementor-element-populated\">\n\t\t\t\t\t\t<div class=\"elementor-element elementor-element-c67a4ca elementor-widget elementor-widget-text-editor\" data-id=\"c67a4ca\" data-element_type=\"widget\" data-e-type=\"widget\" data-widget_type=\"text-editor.default\">\n\t\t\t\t<div class=\"elementor-widget-container\">\n\t\t\t\t\t\t\t\t\tDerri\u00e8re un grand succ\u00e8s, il y a toujours beaucoup de travail, beaucoup de passion, de professionnalisme.\nDerri\u00e8re l\u2019image d\u2019un mod\u00e8le qui pose pour le calendrier VEGA, il y a la qualit\u00e9 d\u2019une \u00e9quipe de professionnels.\nDerri\u00e8re une grande soci\u00e9t\u00e9, il y a toujours une grande \u00e9quipe avec un objectif unique: rassembler dans une image, l\u2019\u00e9motion d\u2019un succ\u00e9s.\t\t\t\t\t\t\t\t<\/div>\n\t\t\t\t<\/div>\n\t\t\t\t\t<\/div>\n\t\t<\/div>\n\t\t\t\t\t<\/div>\n\t\t<\/section>\n\t\t\t\t\t<\/div>\n\t\t<\/div>\n\t\t\t\t\t<\/div>\n\t\t<\/section>\n\t\t\t\t<section class=\"elementor-section elementor-top-section elementor-element elementor-element-61ef16d elementor-section-boxed elementor-section-height-default elementor-section-height-default\" data-id=\"61ef16d\" data-element_type=\"section\" data-e-type=\"section\" data-settings=\"{&quot;jet_parallax_layout_list&quot;:[],&quot;background_background&quot;:&quot;classic&quot;}\">\n\t\t\t\t\t\t<div class=\"elementor-container elementor-column-gap-default\">\n\t\t\t\t\t<div class=\"elementor-column elementor-col-100 elementor-top-column elementor-element elementor-element-d811bad\" data-id=\"d811bad\" data-element_type=\"column\" data-e-type=\"column\">\n\t\t\t<div class=\"elementor-widget-wrap elementor-element-populated\">\n\t\t\t\t\t\t<div class=\"elementor-element elementor-element-33a6751 elementor-widget elementor-widget-text-editor\" data-id=\"33a6751\" data-element_type=\"widget\" data-e-type=\"widget\" data-widget_type=\"text-editor.default\">\n\t\t\t\t<div class=\"elementor-widget-container\">\n\t\t\t\t\t\t\t\t\t\r\n\t\t\t\t\t\n\r\n\t\t\t\t\t<!-- START UNITE GALLERY 1.7.45 -->\r\n\t\t\t\t\t\r\n\t\t\t\t\n\t\t\t<div id='unitegallery_1_1' class='unite-gallery' style='margin:0px auto;'>\n\t\t\t\t\n\n\t\t\t\t\t\t<img decoding=\"async\" alt=\"Backstage 2026\"\n\t\t\t\t\t\t    data-type=\"youtube\"  src=\"\" data-image=\"https:\/\/img.youtube.com\/vi\/m2ul1P7xgmA\/sddefault.jpg\"\n\t\t\t\t\t\t     data-thumb=\"https:\/\/img.youtube.com\/vi\/m2ul1P7xgmA\/mqdefault.jpg\"\n\t\t\t\t\t\t     title=\"\"\n\t\t\t\t\t\t     data-videoid=\"m2ul1P7xgmA\" style=\"display:none\">\n\n\t\t\t\t\t\t<img decoding=\"async\" alt=\"Backstage 2025\"\n\t\t\t\t\t\t    data-type=\"youtube\"  src=\"\" data-image=\"https:\/\/img.youtube.com\/vi\/AXPPPsRZv7I\/sddefault.jpg\"\n\t\t\t\t\t\t     data-thumb=\"https:\/\/img.youtube.com\/vi\/AXPPPsRZv7I\/mqdefault.jpg\"\n\t\t\t\t\t\t     title=\"\"\n\t\t\t\t\t\t     data-videoid=\"AXPPPsRZv7I\" style=\"display:none\">\n\n\t\t\t\t\t\t<img decoding=\"async\" alt=\"Backstage 2024\"\n\t\t\t\t\t\t    data-type=\"youtube\"  src=\"\" data-image=\"https:\/\/img.youtube.com\/vi\/NUGjurIYsZI\/sddefault.jpg\"\n\t\t\t\t\t\t     data-thumb=\"https:\/\/img.youtube.com\/vi\/NUGjurIYsZI\/mqdefault.jpg\"\n\t\t\t\t\t\t     title=\"\"\n\t\t\t\t\t\t     data-videoid=\"NUGjurIYsZI\" style=\"display:none\">\n\n\t\t\t\t\t\t<img decoding=\"async\" alt=\"Backstage 2023\"\n\t\t\t\t\t\t    data-type=\"youtube\"  src=\"\" data-image=\"https:\/\/img.youtube.com\/vi\/H360t4vPGTQ\/sddefault.jpg\"\n\t\t\t\t\t\t     data-thumb=\"https:\/\/img.youtube.com\/vi\/H360t4vPGTQ\/mqdefault.jpg\"\n\t\t\t\t\t\t     title=\"\"\n\t\t\t\t\t\t     data-videoid=\"H360t4vPGTQ\" style=\"display:none\">\n\n\t\t\t\t\t\t<img decoding=\"async\" alt=\"Backstage 2022\"\n\t\t\t\t\t\t    data-type=\"youtube\"  src=\"\" data-image=\"https:\/\/img.youtube.com\/vi\/9NtbKYU1wKU\/sddefault.jpg\"\n\t\t\t\t\t\t     data-thumb=\"https:\/\/img.youtube.com\/vi\/9NtbKYU1wKU\/mqdefault.jpg\"\n\t\t\t\t\t\t     title=\"\"\n\t\t\t\t\t\t     data-videoid=\"9NtbKYU1wKU\" style=\"display:none\">\n\n\t\t\t\t\t\t<img decoding=\"async\" alt=\"Backstage 2021\"\n\t\t\t\t\t\t    data-type=\"youtube\"  src=\"\" data-image=\"https:\/\/img.youtube.com\/vi\/3zPg_U1J4bs\/sddefault.jpg\"\n\t\t\t\t\t\t     data-thumb=\"https:\/\/img.youtube.com\/vi\/3zPg_U1J4bs\/mqdefault.jpg\"\n\t\t\t\t\t\t     title=\"\"\n\t\t\t\t\t\t     data-videoid=\"3zPg_U1J4bs\" style=\"display:none\">\n\n\t\t\t\t\t\t<img decoding=\"async\" alt=\"Backstage 2020\"\n\t\t\t\t\t\t    data-type=\"youtube\"  src=\"\" data-image=\"https:\/\/img.youtube.com\/vi\/4jMCgTo-Qhg\/sddefault.jpg\"\n\t\t\t\t\t\t     data-thumb=\"https:\/\/img.youtube.com\/vi\/4jMCgTo-Qhg\/mqdefault.jpg\"\n\t\t\t\t\t\t     title=\"\"\n\t\t\t\t\t\t     data-videoid=\"4jMCgTo-Qhg\" style=\"display:none\">\n\n\t\t\t\t\t\t<img decoding=\"async\" alt=\"Backstage 2019\"\n\t\t\t\t\t\t    data-type=\"youtube\"  src=\"\" data-image=\"https:\/\/img.youtube.com\/vi\/BugjZ82x5C0\/sddefault.jpg\"\n\t\t\t\t\t\t     data-thumb=\"https:\/\/img.youtube.com\/vi\/BugjZ82x5C0\/mqdefault.jpg\"\n\t\t\t\t\t\t     title=\"\"\n\t\t\t\t\t\t     data-videoid=\"BugjZ82x5C0\" style=\"display:none\">\n\n\t\t\t\t\t\t<img decoding=\"async\" alt=\"Backstage 2018\"\n\t\t\t\t\t\t    data-type=\"youtube\"  src=\"\" data-image=\"https:\/\/img.youtube.com\/vi\/4Z7qzkAoCMI\/sddefault.jpg\"\n\t\t\t\t\t\t     data-thumb=\"https:\/\/img.youtube.com\/vi\/4Z7qzkAoCMI\/mqdefault.jpg\"\n\t\t\t\t\t\t     title=\"\"\n\t\t\t\t\t\t     data-videoid=\"4Z7qzkAoCMI\" style=\"display:none\">\n\n\t\t\t\t\t\t<img decoding=\"async\" alt=\"Backstage 2016\"\n\t\t\t\t\t\t    data-type=\"youtube\"  src=\"\" data-image=\"https:\/\/img.youtube.com\/vi\/MgsQNvEnsSQ\/sddefault.jpg\"\n\t\t\t\t\t\t     data-thumb=\"https:\/\/img.youtube.com\/vi\/MgsQNvEnsSQ\/mqdefault.jpg\"\n\t\t\t\t\t\t     title=\"\"\n\t\t\t\t\t\t     data-videoid=\"MgsQNvEnsSQ\" style=\"display:none\">\n\n\t\t\t\t\t\t<img decoding=\"async\" alt=\"Backstage 2015\"\n\t\t\t\t\t\t    data-type=\"youtube\"  src=\"\" data-image=\"https:\/\/img.youtube.com\/vi\/UNNifO4JvgE\/sddefault.jpg\"\n\t\t\t\t\t\t     data-thumb=\"https:\/\/img.youtube.com\/vi\/UNNifO4JvgE\/mqdefault.jpg\"\n\t\t\t\t\t\t     title=\"\"\n\t\t\t\t\t\t     data-videoid=\"UNNifO4JvgE\" style=\"display:none\">\n\n\t\t\t\t\t\t<img decoding=\"async\" alt=\"Backstage 2014\"\n\t\t\t\t\t\t    data-type=\"youtube\"  src=\"\" data-image=\"https:\/\/img.youtube.com\/vi\/MbTVLUmvTv4\/sddefault.jpg\"\n\t\t\t\t\t\t     data-thumb=\"https:\/\/img.youtube.com\/vi\/MbTVLUmvTv4\/mqdefault.jpg\"\n\t\t\t\t\t\t     title=\"\"\n\t\t\t\t\t\t     data-videoid=\"MbTVLUmvTv4\" style=\"display:none\">\n\n\t\t\t\t\t\t<img decoding=\"async\" alt=\"Backstage 2013\"\n\t\t\t\t\t\t    data-type=\"youtube\"  src=\"\" data-image=\"https:\/\/img.youtube.com\/vi\/K-8JnKH5qRk\/sddefault.jpg\"\n\t\t\t\t\t\t     data-thumb=\"https:\/\/img.youtube.com\/vi\/K-8JnKH5qRk\/mqdefault.jpg\"\n\t\t\t\t\t\t     title=\"\"\n\t\t\t\t\t\t     data-videoid=\"K-8JnKH5qRk\" style=\"display:none\">\n\n\t\t\t\t\t\t<img decoding=\"async\" alt=\"Backstage 2012\"\n\t\t\t\t\t\t    data-type=\"youtube\"  src=\"\" data-image=\"https:\/\/img.youtube.com\/vi\/OxBWFBCP0xI\/sddefault.jpg\"\n\t\t\t\t\t\t     data-thumb=\"https:\/\/img.youtube.com\/vi\/OxBWFBCP0xI\/mqdefault.jpg\"\n\t\t\t\t\t\t     title=\"\"\n\t\t\t\t\t\t     data-videoid=\"OxBWFBCP0xI\" style=\"display:none\">\n\n\t\t\t\t\t\t<img decoding=\"async\" alt=\"Backstage 2011\"\n\t\t\t\t\t\t    data-type=\"youtube\"  src=\"\" data-image=\"https:\/\/img.youtube.com\/vi\/-dIX5qavuBA\/sddefault.jpg\"\n\t\t\t\t\t\t     data-thumb=\"https:\/\/img.youtube.com\/vi\/-dIX5qavuBA\/mqdefault.jpg\"\n\t\t\t\t\t\t     title=\"\"\n\t\t\t\t\t\t     data-videoid=\"-dIX5qavuBA\" style=\"display:none\">\n\t\t\t<\/div>\n\n\t\t\t<script type='text\/javascript'>\n\t\t\t\twindow.onload = function(e) {\n\t\t\t\t\tif(typeof ugCheckForErrors == \"undefined\"){\n\t\t\t\t\t\tdocument.getElementById(\"unitegallery_1_1\").innerHTML = \"<span style='color:red'>Unite Gallery Error - gallery js and css files not included in the footer. Please make sure that wp_footer() function is added to your theme.<\/span>\";}\n\t\t\t\t\telse{ ugCheckForErrors(\"unitegallery_1_1\", \"jquery\");}\n\t\t\t\t};\n\t\t\t<\/script>\n\n\t\t\t<!-- END UNITEGALLERY -->\t\t\t\t\t\t\t\t<\/div>\n\t\t\t\t<\/div>\n\t\t\t\t\t<\/div>\n\t\t<\/div>\n\t\t\t\t\t<\/div>\n\t\t<\/section>\n\t\t\t\t<\/div>\n\t\t","protected":false},"excerpt":{"rendered":"<p>BACKSTAGE CALENDARIER Derri\u00e8re un grand succ\u00e8s, il y a toujours beaucoup de travail, beaucoup de passion, de professionnalisme. Derri\u00e8re l\u2019image d\u2019un mod\u00e8le qui pose pour le calendrier VEGA, il y a la qualit\u00e9 d\u2019une \u00e9quipe de professionnels. Derri\u00e8re une grande soci\u00e9t\u00e9, il y a toujours une grande \u00e9quipe avec un objectif unique: rassembler dans une [&hellip;]<\/p>\n","protected":false},"author":1,"featured_media":0,"parent":0,"menu_order":0,"comment_status":"closed","ping_status":"closed","template":"elementor_header_footer","meta":{"_acf_changed":false,"footnotes":""},"class_list":["post-1310","page","type-page","status-publish","hentry"],"acf":[],"yoast_head":"<!-- This site is optimized with the Yoast SEO plugin v27.2 - https:\/\/yoast.com\/product\/yoast-seo-wordpress\/ -->\n<title>Video Backstage | Vegatyres - Vega Srl Saronno VA<\/title>\n<meta name=\"description\" content=\"Derri\u00e8re un grand succ\u00e8s, il y a toujours beaucoup de travail, beaucoup de passion, de professionnalisme. Derri\u00e8re l\u2019image d\u2019un mod\u00e8le qui pose pour le calendrier VEGA, il y a la qualit\u00e9 d\u2019une \u00e9quipe de professionnels. Derri\u00e8re une grande soci\u00e9t\u00e9, il y a toujours une grande \u00e9quipe avec un objectif unique: rassembler dans une image, l\u2019\u00e9motion d\u2019un succ\u00e9s.\" \/>\n<meta name=\"robots\" content=\"index, follow, max-snippet:-1, max-image-preview:large, max-video-preview:-1\" \/>\n<link rel=\"canonical\" href=\"https:\/\/vegatyres.com\/video-backstage\/\" \/>\n<meta property=\"og:locale\" content=\"fr_FR\" \/>\n<meta property=\"og:type\" content=\"article\" \/>\n<meta property=\"og:title\" content=\"Video Backstage | Vegatyres - Vega Srl Saronno VA\" \/>\n<meta property=\"og:description\" content=\"Derri\u00e8re un grand succ\u00e8s, il y a toujours beaucoup de travail, beaucoup de passion, de professionnalisme. Derri\u00e8re l\u2019image d\u2019un mod\u00e8le qui pose pour le calendrier VEGA, il y a la qualit\u00e9 d\u2019une \u00e9quipe de professionnels. Derri\u00e8re une grande soci\u00e9t\u00e9, il y a toujours une grande \u00e9quipe avec un objectif unique: rassembler dans une image, l\u2019\u00e9motion d\u2019un succ\u00e9s.\" \/>\n<meta property=\"og:url\" content=\"https:\/\/vegatyres.com\/video-backstage\/\" \/>\n<meta property=\"og:site_name\" content=\"Vegatyres - Vega Srl Saronno VA\" \/>\n<meta property=\"article:publisher\" content=\"https:\/\/www.facebook.com\/vegatyres.official\/?paipv=0&amp;eav=AfbdurfZu4XvQFlS4CrjMzOdxMo2eYT5SQmYJZZ_RhnC3g2P7TqxxeXRRDaitdNWsao&amp;_rdr\" \/>\n<meta property=\"article:modified_time\" content=\"2024-07-12T15:23:20+00:00\" \/>\n<meta property=\"og:image\" content=\"https:\/\/vegatyres.com\/wp-content\/uploads\/2024\/01\/vegatyres_italia_azienda.jpg\" \/>\n\t<meta property=\"og:image:width\" content=\"1200\" \/>\n\t<meta property=\"og:image:height\" content=\"849\" \/>\n\t<meta property=\"og:image:type\" content=\"image\/jpeg\" \/>\n<meta name=\"twitter:card\" content=\"summary_large_image\" \/>\n<meta name=\"twitter:label1\" content=\"Dur\u00e9e de lecture estim\u00e9e\" \/>\n\t<meta name=\"twitter:data1\" content=\"3 minutes\" \/>\n<script type=\"application\/ld+json\" class=\"yoast-schema-graph\">{\"@context\":\"https:\/\/schema.org\",\"@graph\":[{\"@type\":\"WebPage\",\"@id\":\"https:\/\/vegatyres.com\/video-backstage\/\",\"url\":\"https:\/\/vegatyres.com\/video-backstage\/\",\"name\":\"Video Backstage | Vegatyres - Vega Srl Saronno VA\",\"isPartOf\":{\"@id\":\"https:\/\/vegatyres.com\/#website\"},\"datePublished\":\"2020-01-14T17:19:37+00:00\",\"dateModified\":\"2024-07-12T15:23:20+00:00\",\"description\":\"Derri\u00e8re un grand succ\u00e8s, il y a toujours beaucoup de travail, beaucoup de passion, de professionnalisme. Derri\u00e8re l\u2019image d\u2019un mod\u00e8le qui pose pour le calendrier VEGA, il y a la qualit\u00e9 d\u2019une \u00e9quipe de professionnels. Derri\u00e8re une grande soci\u00e9t\u00e9, il y a toujours une grande \u00e9quipe avec un objectif unique: rassembler dans une image, l\u2019\u00e9motion d\u2019un succ\u00e9s.\",\"breadcrumb\":{\"@id\":\"https:\/\/vegatyres.com\/video-backstage\/#breadcrumb\"},\"inLanguage\":\"fr-FR\",\"potentialAction\":[{\"@type\":\"ReadAction\",\"target\":[\"https:\/\/vegatyres.com\/video-backstage\/\"]}]},{\"@type\":\"BreadcrumbList\",\"@id\":\"https:\/\/vegatyres.com\/video-backstage\/#breadcrumb\",\"itemListElement\":[{\"@type\":\"ListItem\",\"position\":1,\"name\":\"Home\",\"item\":\"https:\/\/vegatyres.com\/\"},{\"@type\":\"ListItem\",\"position\":2,\"name\":\"Video Backstage\"}]},{\"@type\":\"WebSite\",\"@id\":\"https:\/\/vegatyres.com\/#website\",\"url\":\"https:\/\/vegatyres.com\/\",\"name\":\"Vegatyres - Vega Srl Saronno VA\",\"description\":\"Dal 1980 il produttore dei migliori pneumatici per il Kart\",\"publisher\":{\"@id\":\"https:\/\/vegatyres.com\/#organization\"},\"alternateName\":\"Vegatyres - Vega Srl Saronno VA\",\"potentialAction\":[{\"@type\":\"SearchAction\",\"target\":{\"@type\":\"EntryPoint\",\"urlTemplate\":\"https:\/\/vegatyres.com\/?s={search_term_string}\"},\"query-input\":{\"@type\":\"PropertyValueSpecification\",\"valueRequired\":true,\"valueName\":\"search_term_string\"}}],\"inLanguage\":\"fr-FR\"},{\"@type\":\"Organization\",\"@id\":\"https:\/\/vegatyres.com\/#organization\",\"name\":\"Vegatyres - Vega Srl Saronno VA\",\"alternateName\":\"Vegatyres - Vega Srl Saronno VA\",\"url\":\"https:\/\/vegatyres.com\/\",\"logo\":{\"@type\":\"ImageObject\",\"inLanguage\":\"fr-FR\",\"@id\":\"https:\/\/vegatyres.com\/#\/schema\/logo\/image\/\",\"url\":\"https:\/\/vegatyres.com\/wp-content\/uploads\/2024\/01\/cropped-Vega_logo_V_giallo_per_mappa-1.png\",\"contentUrl\":\"https:\/\/vegatyres.com\/wp-content\/uploads\/2024\/01\/cropped-Vega_logo_V_giallo_per_mappa-1.png\",\"width\":512,\"height\":512,\"caption\":\"Vegatyres - Vega Srl Saronno VA\"},\"image\":{\"@id\":\"https:\/\/vegatyres.com\/#\/schema\/logo\/image\/\"},\"sameAs\":[\"https:\/\/www.facebook.com\/vegatyres.official\/?paipv=0&eav=AfbdurfZu4XvQFlS4CrjMzOdxMo2eYT5SQmYJZZ_RhnC3g2P7TqxxeXRRDaitdNWsao&_rdr\",\"https:\/\/www.instagram.com\/vegatyres_official\"]}]}<\/script>\n<!-- \/ Yoast SEO plugin. -->","yoast_head_json":{"title":"Video Backstage | Vegatyres - Vega Srl Saronno VA","description":"Derri\u00e8re un grand succ\u00e8s, il y a toujours beaucoup de travail, beaucoup de passion, de professionnalisme. Derri\u00e8re l\u2019image d\u2019un mod\u00e8le qui pose pour le calendrier VEGA, il y a la qualit\u00e9 d\u2019une \u00e9quipe de professionnels. Derri\u00e8re une grande soci\u00e9t\u00e9, il y a toujours une grande \u00e9quipe avec un objectif unique: rassembler dans une image, l\u2019\u00e9motion d\u2019un succ\u00e9s.","robots":{"index":"index","follow":"follow","max-snippet":"max-snippet:-1","max-image-preview":"max-image-preview:large","max-video-preview":"max-video-preview:-1"},"canonical":"https:\/\/vegatyres.com\/video-backstage\/","og_locale":"fr_FR","og_type":"article","og_title":"Video Backstage | Vegatyres - Vega Srl Saronno VA","og_description":"Derri\u00e8re un grand succ\u00e8s, il y a toujours beaucoup de travail, beaucoup de passion, de professionnalisme. Derri\u00e8re l\u2019image d\u2019un mod\u00e8le qui pose pour le calendrier VEGA, il y a la qualit\u00e9 d\u2019une \u00e9quipe de professionnels. Derri\u00e8re une grande soci\u00e9t\u00e9, il y a toujours une grande \u00e9quipe avec un objectif unique: rassembler dans une image, l\u2019\u00e9motion d\u2019un succ\u00e9s.","og_url":"https:\/\/vegatyres.com\/video-backstage\/","og_site_name":"Vegatyres - Vega Srl Saronno VA","article_publisher":"https:\/\/www.facebook.com\/vegatyres.official\/?paipv=0&eav=AfbdurfZu4XvQFlS4CrjMzOdxMo2eYT5SQmYJZZ_RhnC3g2P7TqxxeXRRDaitdNWsao&_rdr","article_modified_time":"2024-07-12T15:23:20+00:00","og_image":[{"width":1200,"height":849,"url":"https:\/\/vegatyres.com\/wp-content\/uploads\/2024\/01\/vegatyres_italia_azienda.jpg","type":"image\/jpeg"}],"twitter_card":"summary_large_image","twitter_misc":{"Dur\u00e9e de lecture estim\u00e9e":"3 minutes"},"schema":{"@context":"https:\/\/schema.org","@graph":[{"@type":"WebPage","@id":"https:\/\/vegatyres.com\/video-backstage\/","url":"https:\/\/vegatyres.com\/video-backstage\/","name":"Video Backstage | Vegatyres - Vega Srl Saronno VA","isPartOf":{"@id":"https:\/\/vegatyres.com\/#website"},"datePublished":"2020-01-14T17:19:37+00:00","dateModified":"2024-07-12T15:23:20+00:00","description":"Derri\u00e8re un grand succ\u00e8s, il y a toujours beaucoup de travail, beaucoup de passion, de professionnalisme. Derri\u00e8re l\u2019image d\u2019un mod\u00e8le qui pose pour le calendrier VEGA, il y a la qualit\u00e9 d\u2019une \u00e9quipe de professionnels. Derri\u00e8re une grande soci\u00e9t\u00e9, il y a toujours une grande \u00e9quipe avec un objectif unique: rassembler dans une image, l\u2019\u00e9motion d\u2019un succ\u00e9s.","breadcrumb":{"@id":"https:\/\/vegatyres.com\/video-backstage\/#breadcrumb"},"inLanguage":"fr-FR","potentialAction":[{"@type":"ReadAction","target":["https:\/\/vegatyres.com\/video-backstage\/"]}]},{"@type":"BreadcrumbList","@id":"https:\/\/vegatyres.com\/video-backstage\/#breadcrumb","itemListElement":[{"@type":"ListItem","position":1,"name":"Home","item":"https:\/\/vegatyres.com\/"},{"@type":"ListItem","position":2,"name":"Video Backstage"}]},{"@type":"WebSite","@id":"https:\/\/vegatyres.com\/#website","url":"https:\/\/vegatyres.com\/","name":"Vegatyres - Vega Srl Saronno VA","description":"Dal 1980 il produttore dei migliori pneumatici per il Kart","publisher":{"@id":"https:\/\/vegatyres.com\/#organization"},"alternateName":"Vegatyres - Vega Srl Saronno VA","potentialAction":[{"@type":"SearchAction","target":{"@type":"EntryPoint","urlTemplate":"https:\/\/vegatyres.com\/?s={search_term_string}"},"query-input":{"@type":"PropertyValueSpecification","valueRequired":true,"valueName":"search_term_string"}}],"inLanguage":"fr-FR"},{"@type":"Organization","@id":"https:\/\/vegatyres.com\/#organization","name":"Vegatyres - Vega Srl Saronno VA","alternateName":"Vegatyres - Vega Srl Saronno VA","url":"https:\/\/vegatyres.com\/","logo":{"@type":"ImageObject","inLanguage":"fr-FR","@id":"https:\/\/vegatyres.com\/#\/schema\/logo\/image\/","url":"https:\/\/vegatyres.com\/wp-content\/uploads\/2024\/01\/cropped-Vega_logo_V_giallo_per_mappa-1.png","contentUrl":"https:\/\/vegatyres.com\/wp-content\/uploads\/2024\/01\/cropped-Vega_logo_V_giallo_per_mappa-1.png","width":512,"height":512,"caption":"Vegatyres - Vega Srl Saronno VA"},"image":{"@id":"https:\/\/vegatyres.com\/#\/schema\/logo\/image\/"},"sameAs":["https:\/\/www.facebook.com\/vegatyres.official\/?paipv=0&eav=AfbdurfZu4XvQFlS4CrjMzOdxMo2eYT5SQmYJZZ_RhnC3g2P7TqxxeXRRDaitdNWsao&_rdr","https:\/\/www.instagram.com\/vegatyres_official"]}]}},"_links":{"self":[{"href":"https:\/\/vegatyres.com\/fr\/wp-json\/wp\/v2\/pages\/1310","targetHints":{"allow":["GET"]}}],"collection":[{"href":"https:\/\/vegatyres.com\/fr\/wp-json\/wp\/v2\/pages"}],"about":[{"href":"https:\/\/vegatyres.com\/fr\/wp-json\/wp\/v2\/types\/page"}],"author":[{"embeddable":true,"href":"https:\/\/vegatyres.com\/fr\/wp-json\/wp\/v2\/users\/1"}],"replies":[{"embeddable":true,"href":"https:\/\/vegatyres.com\/fr\/wp-json\/wp\/v2\/comments?post=1310"}],"version-history":[{"count":4,"href":"https:\/\/vegatyres.com\/fr\/wp-json\/wp\/v2\/pages\/1310\/revisions"}],"predecessor-version":[{"id":8165,"href":"https:\/\/vegatyres.com\/fr\/wp-json\/wp\/v2\/pages\/1310\/revisions\/8165"}],"wp:attachment":[{"href":"https:\/\/vegatyres.com\/fr\/wp-json\/wp\/v2\/media?parent=1310"}],"curies":[{"name":"wp","href":"https:\/\/api.w.org\/{rel}","templated":true}]}}