{"id":1265,"date":"2020-01-14T17:48:42","date_gmt":"2020-01-14T16:48:42","guid":{"rendered":"https:\/\/vegatyres.com\/rental-endurance\/"},"modified":"2024-07-12T17:38:03","modified_gmt":"2024-07-12T15:38:03","slug":"pneus-rental-endurance","status":"publish","type":"page","link":"https:\/\/vegatyres.com\/fr\/pneus-rental-endurance\/","title":{"rendered":"Rental &#8211; Endurance"},"content":{"rendered":"\t\t<div data-elementor-type=\"wp-page\" data-elementor-id=\"1265\" class=\"elementor elementor-1265 elementor-886\">\n\t\t\t\t\t\t<section class=\"elementor-section elementor-top-section elementor-element elementor-element-13615e9 elementor-section-boxed elementor-section-height-default elementor-section-height-default\" data-id=\"13615e9\" data-element_type=\"section\" data-e-type=\"section\" data-settings=\"{&quot;jet_parallax_layout_list&quot;:[]}\">\n\t\t\t\t\t\t<div class=\"elementor-container elementor-column-gap-default\">\n\t\t\t\t\t<div class=\"elementor-column elementor-col-100 elementor-top-column elementor-element elementor-element-8997dfb\" data-id=\"8997dfb\" data-element_type=\"column\" data-e-type=\"column\">\n\t\t\t<div class=\"elementor-widget-wrap elementor-element-populated\">\n\t\t\t\t\t\t<section class=\"elementor-section elementor-inner-section elementor-element elementor-element-8356403 elementor-section-boxed elementor-section-height-default elementor-section-height-default\" data-id=\"8356403\" data-element_type=\"section\" data-e-type=\"section\" data-settings=\"{&quot;jet_parallax_layout_list&quot;:[]}\">\n\t\t\t\t\t\t<div class=\"elementor-container elementor-column-gap-default\">\n\t\t\t\t\t<div class=\"elementor-column elementor-col-50 elementor-inner-column elementor-element elementor-element-55e3b6b\" data-id=\"55e3b6b\" data-element_type=\"column\" data-e-type=\"column\">\n\t\t\t<div class=\"elementor-widget-wrap elementor-element-populated\">\n\t\t\t\t\t\t<div class=\"elementor-element elementor-element-19b4d4d elementor-mobile-align-left animated-fast elementor-align-left elementor-invisible elementor-widget elementor-widget-raven-heading\" data-id=\"19b4d4d\" data-element_type=\"widget\" data-e-type=\"widget\" data-settings=\"{&quot;_animation&quot;:&quot;fadeInLeft&quot;}\" data-widget_type=\"raven-heading.default\">\n\t\t\t\t<div class=\"elementor-widget-container\">\n\t\t\t\t\t\t\t<div class=\"raven-widget-wrapper\"><h3 class=\"raven-heading raven-heading-h3\"><span class=\"raven-heading-title \"><span class=\"raven-heading-title-inner elementor-inline-editing \" data-text=\"POUR LES COURSES\" data-elementor-setting-key=\"title\">POUR LES COURSES<\/span><\/span><\/h3><\/div>\n\t\t\t\t\t\t<\/div>\n\t\t\t\t<\/div>\n\t\t\t\t<div class=\"elementor-element elementor-element-62c953d elementor-mobile-align-left animated-fast elementor-align-left elementor-invisible elementor-widget elementor-widget-raven-heading\" data-id=\"62c953d\" data-element_type=\"widget\" data-e-type=\"widget\" data-settings=\"{&quot;_animation&quot;:&quot;fadeInLeft&quot;}\" data-widget_type=\"raven-heading.default\">\n\t\t\t\t<div class=\"elementor-widget-container\">\n\t\t\t\t\t\t\t<div class=\"raven-widget-wrapper\"><h2 class=\"raven-heading raven-heading-h2\"><span class=\"raven-heading-title \"><span class=\"raven-heading-title-inner elementor-inline-editing \" data-text=\"D\u2019ENDURANCE ET LA LOCATION\" data-elementor-setting-key=\"title\">D\u2019ENDURANCE ET LA LOCATION<\/span><\/span><\/h2><\/div>\n\t\t\t\t\t\t<\/div>\n\t\t\t\t<\/div>\n\t\t\t\t\t<\/div>\n\t\t<\/div>\n\t\t\t\t<div class=\"elementor-column elementor-col-50 elementor-inner-column elementor-element elementor-element-0952f89\" data-id=\"0952f89\" data-element_type=\"column\" data-e-type=\"column\">\n\t\t\t<div class=\"elementor-widget-wrap elementor-element-populated\">\n\t\t\t\t\t\t<div class=\"elementor-element elementor-element-0132634 elementor-widget elementor-widget-text-editor\" data-id=\"0132634\" data-element_type=\"widget\" data-e-type=\"widget\" data-widget_type=\"text-editor.default\">\n\t\t\t\t<div class=\"elementor-widget-container\">\n\t\t\t\t\t\t\t\t\tDepuis de nombreuses ann\u00e9es, nous proposons des pneus sp\u00e9cialement \u00e9tudi\u00e9s pour les exigences du karting de location Indoor et Outdoor.\n\nEn utilisant les pneus de location Vega, en comparaison avec des pneus concurrents \u00ab \u00e9conomiques \u00bb, les g\u00e9rants de pistes et les pilotes b\u00e9n\u00e9ficieront d\u2019une meilleure long\u00e9vit\u00e9 de la gomme et d\u2019une meilleure constance des performances et de la qualit\u00e9 de fabrication propre \u00e0 notre marque.\t\t\t\t\t\t\t\t<\/div>\n\t\t\t\t<\/div>\n\t\t\t\t\t<\/div>\n\t\t<\/div>\n\t\t\t\t\t<\/div>\n\t\t<\/section>\n\t\t\t\t\t<\/div>\n\t\t<\/div>\n\t\t\t\t\t<\/div>\n\t\t<\/section>\n\t\t\t\t<section class=\"elementor-section elementor-top-section elementor-element elementor-element-a4bd7c8 elementor-section-boxed elementor-section-height-default elementor-section-height-default\" data-id=\"a4bd7c8\" data-element_type=\"section\" data-e-type=\"section\" data-settings=\"{&quot;jet_parallax_layout_list&quot;:[],&quot;background_background&quot;:&quot;classic&quot;,&quot;shape_divider_top&quot;:&quot;tilt&quot;}\">\n\t\t\t\t\t<div class=\"elementor-shape elementor-shape-top\" aria-hidden=\"true\" data-negative=\"false\">\n\t\t\t<svg xmlns=\"http:\/\/www.w3.org\/2000\/svg\" viewBox=\"0 0 1000 100\" preserveAspectRatio=\"none\">\n\t<path class=\"elementor-shape-fill\" d=\"M0,6V0h1000v100L0,6z\"\/>\n<\/svg>\t\t<\/div>\n\t\t\t\t\t<div class=\"elementor-container elementor-column-gap-no\">\n\t\t\t\t\t<div class=\"elementor-column elementor-col-100 elementor-top-column elementor-element elementor-element-1695fb3\" data-id=\"1695fb3\" data-element_type=\"column\" data-e-type=\"column\">\n\t\t\t<div class=\"elementor-widget-wrap elementor-element-populated\">\n\t\t\t\t\t\t<div class=\"elementor-element elementor-element-ac48523 raven-breakpoint-desktop elementor-widget__width-inherit menu_hamburger elementor-widget elementor-widget-raven-nav-menu\" data-id=\"ac48523\" data-element_type=\"widget\" data-e-type=\"widget\" data-settings=\"{&quot;submenu_icon&quot;:&quot;&lt;svg 0=\\&quot;fas fa-chevron-down\\&quot; class=\\&quot;e-font-icon-svg e-fas-chevron-down\\&quot;&gt;\\n\\t\\t\\t\\t\\t&lt;use xlink:href=\\&quot;#fas-chevron-down\\&quot;&gt;\\n\\t\\t\\t\\t\\t\\t&lt;symbol id=\\&quot;fas-chevron-down\\&quot; viewBox=\\&quot;0 0 448 512\\&quot;&gt;\\n\\t\\t\\t\\t\\t\\t\\t&lt;path d=\\&quot;M207.029 381.476L12.686 187.132c-9.373-9.373-9.373-24.569 0-33.941l22.667-22.667c9.357-9.357 24.522-9.375 33.901-.04L224 284.505l154.745-154.021c9.379-9.335 24.544-9.317 33.901.04l22.667 22.667c9.373 9.373 9.373 24.569 0 33.941L240.971 381.476c-9.373 9.372-24.569 9.372-33.942 0z\\&quot;&gt;&lt;\\\/path&gt;\\n\\t\\t\\t\\t\\t\\t&lt;\\\/symbol&gt;\\n\\t\\t\\t\\t\\t&lt;\\\/use&gt;\\n\\t\\t\\t\\t&lt;\\\/svg&gt;&quot;,&quot;mobile_layout&quot;:&quot;dropdown&quot;}\" data-widget_type=\"raven-nav-menu.default\">\n\t\t\t\t<div class=\"elementor-widget-container\">\n\t\t\t\t\t\t\t<nav class=\"raven-nav-menu-main raven-nav-menu-horizontal raven-nav-menu-tablet-horizontal raven-nav-menu-mobile-horizontal raven-nav-icons-hidden-desktop raven-nav-icons-hidden-tablet raven-nav-icons-hidden-mobile\">\n\t\t\t<ul id=\"menu-ac48523\" class=\"raven-nav-menu\"><li class=\"menu-item menu-item-type-post_type menu-item-object-page menu-item-4887\"><a href=\"https:\/\/vegatyres.com\/omologate-cik-fia\/\" class=\"raven-menu-item raven-link-item \">CIK &#8211; FIA Homologated<\/a><\/li>\n<li class=\"menu-item menu-item-type-post_type menu-item-object-page menu-item-4894\"><a href=\"https:\/\/vegatyres.com\/pneumatici-slick\/\" class=\"raven-menu-item raven-link-item \">Slick<\/a><\/li>\n<li class=\"menu-item menu-item-type-post_type menu-item-object-page menu-item-4891\"><a href=\"https:\/\/vegatyres.com\/pneumatici-rain\/\" class=\"raven-menu-item raven-link-item \">Rain<\/a><\/li>\n<li class=\"menu-item menu-item-type-post_type menu-item-object-page menu-item-4886\"><a href=\"https:\/\/vegatyres.com\/rental-endurance\/\" class=\"raven-menu-item raven-link-item \">Rental &#8211; Endurance<\/a><\/li>\n<\/ul>\t\t<\/nav>\n\n\t\t<div class=\"raven-nav-menu-toggle\">\n\n\t\t\t\t\t\t<div class=\"raven-nav-menu-toggle-button \">\n\t\t\t\t\n\t\t\t\t<div class=\"hamburger hamburger--vortex\">\n\t\t\t\t\t<div class=\"hamburger-box\">\n\t\t\t\t\t\t<div class=\"hamburger-inner\"><\/div>\n\t\t\t\t\t<\/div>\n\t\t\t\t<\/div>\n\t\t\t\t\t\t\t\t<\/div>\n\n\t\t<\/div>\n\t\t<nav class=\"raven-nav-icons-hidden-desktop raven-nav-icons-hidden-tablet raven-nav-icons-hidden-mobile raven-nav-menu-mobile raven-nav-menu-dropdown\">\n\t\t\t\t\t\t\t\t\t<div class=\"raven-container\">\n\t\t\t\t<ul id=\"menu-mobile-ac48523\" class=\"raven-nav-menu\"><li class=\"menu-item menu-item-type-post_type menu-item-object-page menu-item-4887\"><a href=\"https:\/\/vegatyres.com\/omologate-cik-fia\/\" class=\"raven-menu-item raven-link-item \">CIK &#8211; FIA Homologated<\/a><\/li>\n<li class=\"menu-item menu-item-type-post_type menu-item-object-page menu-item-4894\"><a href=\"https:\/\/vegatyres.com\/pneumatici-slick\/\" class=\"raven-menu-item raven-link-item \">Slick<\/a><\/li>\n<li class=\"menu-item menu-item-type-post_type menu-item-object-page menu-item-4891\"><a href=\"https:\/\/vegatyres.com\/pneumatici-rain\/\" class=\"raven-menu-item raven-link-item \">Rain<\/a><\/li>\n<li class=\"menu-item menu-item-type-post_type menu-item-object-page menu-item-4886\"><a href=\"https:\/\/vegatyres.com\/rental-endurance\/\" class=\"raven-menu-item raven-link-item \">Rental &#8211; Endurance<\/a><\/li>\n<\/ul>\t\t\t<\/div>\n\t\t<\/nav>\n\t\t\t\t\t\t<\/div>\n\t\t\t\t<\/div>\n\t\t\t\t<div class=\"elementor-element elementor-element-5977b7c elementor-widget elementor-widget-text-editor\" data-id=\"5977b7c\" data-element_type=\"widget\" data-e-type=\"widget\" data-widget_type=\"text-editor.default\">\n\t\t\t\t<div class=\"elementor-widget-container\">\n\t\t\t\t\t\t\t\t\t<div class=\"woocommerce columns-3 \"><ul class=\"products columns-3\">\n<li class=\"product type-product post-1385 status-publish first instock product_cat-rental-endurance-fr has-post-thumbnail taxable shipping-taxable product-type-simple\">\n\t<a href=\"https:\/\/vegatyres.com\/fr\/prodotto\/rent-h1\/\" class=\"woocommerce-LoopProduct-link woocommerce-loop-product__link\"><\/a><\/li>\n<li class=\"product type-product post-1388 status-publish instock product_cat-rental-endurance-fr has-post-thumbnail taxable shipping-taxable product-type-simple\">\n\t<a href=\"https:\/\/vegatyres.com\/fr\/prodotto\/rent-s1\/\" class=\"woocommerce-LoopProduct-link woocommerce-loop-product__link\"><\/a><\/li>\n<li class=\"product type-product post-1390 status-publish last instock product_cat-rental-endurance-fr has-post-thumbnail taxable shipping-taxable product-type-simple\">\n\t<a href=\"https:\/\/vegatyres.com\/fr\/prodotto\/rh8\/\" class=\"woocommerce-LoopProduct-link woocommerce-loop-product__link\"><\/a><\/li>\n<\/ul>\n<\/div>\t\t\t\t\t\t\t\t<\/div>\n\t\t\t\t<\/div>\n\t\t\t\t\t<\/div>\n\t\t<\/div>\n\t\t\t\t\t<\/div>\n\t\t<\/section>\n\t\t\t\t<section class=\"elementor-section elementor-top-section elementor-element elementor-element-4af535d elementor-section-height-min-height elementor-section-full_width elementor-section-height-default elementor-section-items-middle\" data-id=\"4af535d\" data-element_type=\"section\" data-e-type=\"section\" data-settings=\"{&quot;jet_parallax_layout_list&quot;:[],&quot;background_background&quot;:&quot;classic&quot;,&quot;shape_divider_top&quot;:&quot;tilt&quot;,&quot;shape_divider_bottom&quot;:&quot;tilt&quot;}\">\n\t\t\t\t\t<div class=\"elementor-shape elementor-shape-top\" aria-hidden=\"true\" data-negative=\"false\">\n\t\t\t<svg xmlns=\"http:\/\/www.w3.org\/2000\/svg\" viewBox=\"0 0 1000 100\" preserveAspectRatio=\"none\">\n\t<path class=\"elementor-shape-fill\" d=\"M0,6V0h1000v100L0,6z\"\/>\n<\/svg>\t\t<\/div>\n\t\t\t\t<div class=\"elementor-shape elementor-shape-bottom\" aria-hidden=\"true\" data-negative=\"false\">\n\t\t\t<svg xmlns=\"http:\/\/www.w3.org\/2000\/svg\" viewBox=\"0 0 1000 100\" preserveAspectRatio=\"none\">\n\t<path class=\"elementor-shape-fill\" d=\"M0,6V0h1000v100L0,6z\"\/>\n<\/svg>\t\t<\/div>\n\t\t\t\t\t<div class=\"elementor-container elementor-column-gap-default\">\n\t\t\t\t\t<div class=\"elementor-column elementor-col-100 elementor-top-column elementor-element elementor-element-73606b8\" data-id=\"73606b8\" data-element_type=\"column\" data-e-type=\"column\">\n\t\t\t<div class=\"elementor-widget-wrap\">\n\t\t\t\t\t\t\t<\/div>\n\t\t<\/div>\n\t\t\t\t\t<\/div>\n\t\t<\/section>\n\t\t\t\t<\/div>\n\t\t","protected":false},"excerpt":{"rendered":"<p>POUR LES COURSES D\u2019ENDURANCE ET LA LOCATION Depuis de nombreuses ann\u00e9es, nous proposons des pneus sp\u00e9cialement \u00e9tudi\u00e9s pour les exigences du karting de location Indoor et Outdoor. En utilisant les pneus de location Vega, en comparaison avec des pneus concurrents \u00ab \u00e9conomiques \u00bb, les g\u00e9rants de pistes et les pilotes b\u00e9n\u00e9ficieront d\u2019une meilleure long\u00e9vit\u00e9 de [&hellip;]<\/p>\n","protected":false},"author":1,"featured_media":0,"parent":0,"menu_order":0,"comment_status":"closed","ping_status":"closed","template":"elementor_header_footer","meta":{"_acf_changed":false,"footnotes":""},"class_list":["post-1265","page","type-page","status-publish","hentry"],"acf":[],"yoast_head":"<!-- This site is optimized with the Yoast SEO plugin v27.2 - https:\/\/yoast.com\/product\/yoast-seo-wordpress\/ -->\n<title>Rental - Endurance | Vegatyres - Vega Srl Saronno VA<\/title>\n<meta name=\"description\" content=\"Depuis de nombreuses ann\u00e9es, nous proposons des pneus sp\u00e9cialement \u00e9tudi\u00e9s pour les exigences du karting de location Indoor et Outdoor. En utilisant les pneus de location Vega, en comparaison avec des pneus concurrents \u00ab \u00e9conomiques \u00bb, les g\u00e9rants de pistes et les pilotes b\u00e9n\u00e9ficieront d\u2019une meilleure long\u00e9vit\u00e9 de la gomme et d\u2019une meilleure constance des performances et de la qualit\u00e9 de fabrication propre \u00e0 notre marque.\" \/>\n<meta name=\"robots\" content=\"index, follow, max-snippet:-1, max-image-preview:large, max-video-preview:-1\" \/>\n<link rel=\"canonical\" href=\"https:\/\/vegatyres.com\/rental-endurance\/\" \/>\n<meta property=\"og:locale\" content=\"fr_FR\" \/>\n<meta property=\"og:type\" content=\"article\" \/>\n<meta property=\"og:title\" content=\"Rental - Endurance | Vegatyres - Vega Srl Saronno VA\" \/>\n<meta property=\"og:description\" content=\"Depuis de nombreuses ann\u00e9es, nous proposons des pneus sp\u00e9cialement \u00e9tudi\u00e9s pour les exigences du karting de location Indoor et Outdoor. En utilisant les pneus de location Vega, en comparaison avec des pneus concurrents \u00ab \u00e9conomiques \u00bb, les g\u00e9rants de pistes et les pilotes b\u00e9n\u00e9ficieront d\u2019une meilleure long\u00e9vit\u00e9 de la gomme et d\u2019une meilleure constance des performances et de la qualit\u00e9 de fabrication propre \u00e0 notre marque.\" \/>\n<meta property=\"og:url\" content=\"https:\/\/vegatyres.com\/rental-endurance\/\" \/>\n<meta property=\"og:site_name\" content=\"Vegatyres - Vega Srl Saronno VA\" \/>\n<meta property=\"article:publisher\" content=\"https:\/\/www.facebook.com\/vegatyres.official\/?paipv=0&amp;eav=AfbdurfZu4XvQFlS4CrjMzOdxMo2eYT5SQmYJZZ_RhnC3g2P7TqxxeXRRDaitdNWsao&amp;_rdr\" \/>\n<meta property=\"article:modified_time\" content=\"2024-07-12T15:38:03+00:00\" \/>\n<meta property=\"og:image\" content=\"https:\/\/vegatyres.com\/wp-content\/uploads\/2024\/01\/vegatyres_italia_azienda.jpg\" \/>\n\t<meta property=\"og:image:width\" content=\"1200\" \/>\n\t<meta property=\"og:image:height\" content=\"849\" \/>\n\t<meta property=\"og:image:type\" content=\"image\/jpeg\" \/>\n<meta name=\"twitter:card\" content=\"summary_large_image\" \/>\n<meta name=\"twitter:label1\" content=\"Dur\u00e9e de lecture estim\u00e9e\" \/>\n\t<meta name=\"twitter:data1\" content=\"1 minute\" \/>\n<script type=\"application\/ld+json\" class=\"yoast-schema-graph\">{\"@context\":\"https:\/\/schema.org\",\"@graph\":[{\"@type\":\"WebPage\",\"@id\":\"https:\/\/vegatyres.com\/rental-endurance\/\",\"url\":\"https:\/\/vegatyres.com\/rental-endurance\/\",\"name\":\"Rental - Endurance | Vegatyres - Vega Srl Saronno VA\",\"isPartOf\":{\"@id\":\"https:\/\/vegatyres.com\/#website\"},\"datePublished\":\"2020-01-14T16:48:42+00:00\",\"dateModified\":\"2024-07-12T15:38:03+00:00\",\"description\":\"Depuis de nombreuses ann\u00e9es, nous proposons des pneus sp\u00e9cialement \u00e9tudi\u00e9s pour les exigences du karting de location Indoor et Outdoor. En utilisant les pneus de location Vega, en comparaison avec des pneus concurrents \u00ab \u00e9conomiques \u00bb, les g\u00e9rants de pistes et les pilotes b\u00e9n\u00e9ficieront d\u2019une meilleure long\u00e9vit\u00e9 de la gomme et d\u2019une meilleure constance des performances et de la qualit\u00e9 de fabrication propre \u00e0 notre marque.\",\"breadcrumb\":{\"@id\":\"https:\/\/vegatyres.com\/rental-endurance\/#breadcrumb\"},\"inLanguage\":\"fr-FR\",\"potentialAction\":[{\"@type\":\"ReadAction\",\"target\":[\"https:\/\/vegatyres.com\/rental-endurance\/\"]}]},{\"@type\":\"BreadcrumbList\",\"@id\":\"https:\/\/vegatyres.com\/rental-endurance\/#breadcrumb\",\"itemListElement\":[{\"@type\":\"ListItem\",\"position\":1,\"name\":\"Home\",\"item\":\"https:\/\/vegatyres.com\/\"},{\"@type\":\"ListItem\",\"position\":2,\"name\":\"Rental &#8211; Endurance\"}]},{\"@type\":\"WebSite\",\"@id\":\"https:\/\/vegatyres.com\/#website\",\"url\":\"https:\/\/vegatyres.com\/\",\"name\":\"Vegatyres - Vega Srl Saronno VA\",\"description\":\"Dal 1980 il produttore dei migliori pneumatici per il Kart\",\"publisher\":{\"@id\":\"https:\/\/vegatyres.com\/#organization\"},\"alternateName\":\"Vegatyres - Vega Srl Saronno VA\",\"potentialAction\":[{\"@type\":\"SearchAction\",\"target\":{\"@type\":\"EntryPoint\",\"urlTemplate\":\"https:\/\/vegatyres.com\/?s={search_term_string}\"},\"query-input\":{\"@type\":\"PropertyValueSpecification\",\"valueRequired\":true,\"valueName\":\"search_term_string\"}}],\"inLanguage\":\"fr-FR\"},{\"@type\":\"Organization\",\"@id\":\"https:\/\/vegatyres.com\/#organization\",\"name\":\"Vegatyres - Vega Srl Saronno VA\",\"alternateName\":\"Vegatyres - Vega Srl Saronno VA\",\"url\":\"https:\/\/vegatyres.com\/\",\"logo\":{\"@type\":\"ImageObject\",\"inLanguage\":\"fr-FR\",\"@id\":\"https:\/\/vegatyres.com\/#\/schema\/logo\/image\/\",\"url\":\"https:\/\/vegatyres.com\/wp-content\/uploads\/2024\/01\/cropped-Vega_logo_V_giallo_per_mappa-1.png\",\"contentUrl\":\"https:\/\/vegatyres.com\/wp-content\/uploads\/2024\/01\/cropped-Vega_logo_V_giallo_per_mappa-1.png\",\"width\":512,\"height\":512,\"caption\":\"Vegatyres - Vega Srl Saronno VA\"},\"image\":{\"@id\":\"https:\/\/vegatyres.com\/#\/schema\/logo\/image\/\"},\"sameAs\":[\"https:\/\/www.facebook.com\/vegatyres.official\/?paipv=0&eav=AfbdurfZu4XvQFlS4CrjMzOdxMo2eYT5SQmYJZZ_RhnC3g2P7TqxxeXRRDaitdNWsao&_rdr\",\"https:\/\/www.instagram.com\/vegatyres_official\"]}]}<\/script>\n<!-- \/ Yoast SEO plugin. -->","yoast_head_json":{"title":"Rental - Endurance | Vegatyres - Vega Srl Saronno VA","description":"Depuis de nombreuses ann\u00e9es, nous proposons des pneus sp\u00e9cialement \u00e9tudi\u00e9s pour les exigences du karting de location Indoor et Outdoor. En utilisant les pneus de location Vega, en comparaison avec des pneus concurrents \u00ab \u00e9conomiques \u00bb, les g\u00e9rants de pistes et les pilotes b\u00e9n\u00e9ficieront d\u2019une meilleure long\u00e9vit\u00e9 de la gomme et d\u2019une meilleure constance des performances et de la qualit\u00e9 de fabrication propre \u00e0 notre marque.","robots":{"index":"index","follow":"follow","max-snippet":"max-snippet:-1","max-image-preview":"max-image-preview:large","max-video-preview":"max-video-preview:-1"},"canonical":"https:\/\/vegatyres.com\/rental-endurance\/","og_locale":"fr_FR","og_type":"article","og_title":"Rental - Endurance | Vegatyres - Vega Srl Saronno VA","og_description":"Depuis de nombreuses ann\u00e9es, nous proposons des pneus sp\u00e9cialement \u00e9tudi\u00e9s pour les exigences du karting de location Indoor et Outdoor. En utilisant les pneus de location Vega, en comparaison avec des pneus concurrents \u00ab \u00e9conomiques \u00bb, les g\u00e9rants de pistes et les pilotes b\u00e9n\u00e9ficieront d\u2019une meilleure long\u00e9vit\u00e9 de la gomme et d\u2019une meilleure constance des performances et de la qualit\u00e9 de fabrication propre \u00e0 notre marque.","og_url":"https:\/\/vegatyres.com\/rental-endurance\/","og_site_name":"Vegatyres - Vega Srl Saronno VA","article_publisher":"https:\/\/www.facebook.com\/vegatyres.official\/?paipv=0&eav=AfbdurfZu4XvQFlS4CrjMzOdxMo2eYT5SQmYJZZ_RhnC3g2P7TqxxeXRRDaitdNWsao&_rdr","article_modified_time":"2024-07-12T15:38:03+00:00","og_image":[{"width":1200,"height":849,"url":"https:\/\/vegatyres.com\/wp-content\/uploads\/2024\/01\/vegatyres_italia_azienda.jpg","type":"image\/jpeg"}],"twitter_card":"summary_large_image","twitter_misc":{"Dur\u00e9e de lecture estim\u00e9e":"1 minute"},"schema":{"@context":"https:\/\/schema.org","@graph":[{"@type":"WebPage","@id":"https:\/\/vegatyres.com\/rental-endurance\/","url":"https:\/\/vegatyres.com\/rental-endurance\/","name":"Rental - Endurance | Vegatyres - Vega Srl Saronno VA","isPartOf":{"@id":"https:\/\/vegatyres.com\/#website"},"datePublished":"2020-01-14T16:48:42+00:00","dateModified":"2024-07-12T15:38:03+00:00","description":"Depuis de nombreuses ann\u00e9es, nous proposons des pneus sp\u00e9cialement \u00e9tudi\u00e9s pour les exigences du karting de location Indoor et Outdoor. En utilisant les pneus de location Vega, en comparaison avec des pneus concurrents \u00ab \u00e9conomiques \u00bb, les g\u00e9rants de pistes et les pilotes b\u00e9n\u00e9ficieront d\u2019une meilleure long\u00e9vit\u00e9 de la gomme et d\u2019une meilleure constance des performances et de la qualit\u00e9 de fabrication propre \u00e0 notre marque.","breadcrumb":{"@id":"https:\/\/vegatyres.com\/rental-endurance\/#breadcrumb"},"inLanguage":"fr-FR","potentialAction":[{"@type":"ReadAction","target":["https:\/\/vegatyres.com\/rental-endurance\/"]}]},{"@type":"BreadcrumbList","@id":"https:\/\/vegatyres.com\/rental-endurance\/#breadcrumb","itemListElement":[{"@type":"ListItem","position":1,"name":"Home","item":"https:\/\/vegatyres.com\/"},{"@type":"ListItem","position":2,"name":"Rental &#8211; Endurance"}]},{"@type":"WebSite","@id":"https:\/\/vegatyres.com\/#website","url":"https:\/\/vegatyres.com\/","name":"Vegatyres - Vega Srl Saronno VA","description":"Dal 1980 il produttore dei migliori pneumatici per il Kart","publisher":{"@id":"https:\/\/vegatyres.com\/#organization"},"alternateName":"Vegatyres - Vega Srl Saronno VA","potentialAction":[{"@type":"SearchAction","target":{"@type":"EntryPoint","urlTemplate":"https:\/\/vegatyres.com\/?s={search_term_string}"},"query-input":{"@type":"PropertyValueSpecification","valueRequired":true,"valueName":"search_term_string"}}],"inLanguage":"fr-FR"},{"@type":"Organization","@id":"https:\/\/vegatyres.com\/#organization","name":"Vegatyres - Vega Srl Saronno VA","alternateName":"Vegatyres - Vega Srl Saronno VA","url":"https:\/\/vegatyres.com\/","logo":{"@type":"ImageObject","inLanguage":"fr-FR","@id":"https:\/\/vegatyres.com\/#\/schema\/logo\/image\/","url":"https:\/\/vegatyres.com\/wp-content\/uploads\/2024\/01\/cropped-Vega_logo_V_giallo_per_mappa-1.png","contentUrl":"https:\/\/vegatyres.com\/wp-content\/uploads\/2024\/01\/cropped-Vega_logo_V_giallo_per_mappa-1.png","width":512,"height":512,"caption":"Vegatyres - Vega Srl Saronno VA"},"image":{"@id":"https:\/\/vegatyres.com\/#\/schema\/logo\/image\/"},"sameAs":["https:\/\/www.facebook.com\/vegatyres.official\/?paipv=0&eav=AfbdurfZu4XvQFlS4CrjMzOdxMo2eYT5SQmYJZZ_RhnC3g2P7TqxxeXRRDaitdNWsao&_rdr","https:\/\/www.instagram.com\/vegatyres_official"]}]}},"_links":{"self":[{"href":"https:\/\/vegatyres.com\/fr\/wp-json\/wp\/v2\/pages\/1265","targetHints":{"allow":["GET"]}}],"collection":[{"href":"https:\/\/vegatyres.com\/fr\/wp-json\/wp\/v2\/pages"}],"about":[{"href":"https:\/\/vegatyres.com\/fr\/wp-json\/wp\/v2\/types\/page"}],"author":[{"embeddable":true,"href":"https:\/\/vegatyres.com\/fr\/wp-json\/wp\/v2\/users\/1"}],"replies":[{"embeddable":true,"href":"https:\/\/vegatyres.com\/fr\/wp-json\/wp\/v2\/comments?post=1265"}],"version-history":[{"count":10,"href":"https:\/\/vegatyres.com\/fr\/wp-json\/wp\/v2\/pages\/1265\/revisions"}],"predecessor-version":[{"id":8195,"href":"https:\/\/vegatyres.com\/fr\/wp-json\/wp\/v2\/pages\/1265\/revisions\/8195"}],"wp:attachment":[{"href":"https:\/\/vegatyres.com\/fr\/wp-json\/wp\/v2\/media?parent=1265"}],"curies":[{"name":"wp","href":"https:\/\/api.w.org\/{rel}","templated":true}]}}