{"id":1248,"date":"2020-01-14T17:37:07","date_gmt":"2020-01-14T16:37:07","guid":{"rendered":"https:\/\/vegatyres.com\/media-documents\/"},"modified":"2024-01-25T12:06:19","modified_gmt":"2024-01-25T11:06:19","slug":"media-documents","status":"publish","type":"page","link":"https:\/\/vegatyres.com\/fr\/media-documents\/","title":{"rendered":"Media Documents"},"content":{"rendered":"\t\t<div data-elementor-type=\"wp-page\" data-elementor-id=\"1248\" class=\"elementor elementor-1248 elementor-922\">\n\t\t\t\t\t\t<section class=\"elementor-section elementor-top-section elementor-element elementor-element-9bd6eee elementor-section-boxed elementor-section-height-default elementor-section-height-default\" data-id=\"9bd6eee\" data-element_type=\"section\" data-e-type=\"section\" data-settings=\"{&quot;jet_parallax_layout_list&quot;:[]}\">\n\t\t\t\t\t\t<div class=\"elementor-container elementor-column-gap-no\">\n\t\t\t\t\t<div class=\"elementor-column elementor-col-100 elementor-top-column elementor-element elementor-element-93cc5e1\" data-id=\"93cc5e1\" data-element_type=\"column\" data-e-type=\"column\">\n\t\t\t<div class=\"elementor-widget-wrap elementor-element-populated\">\n\t\t\t\t\t\t<div class=\"elementor-element elementor-element-51aec0b elementor-widget elementor-widget-text-editor\" data-id=\"51aec0b\" data-element_type=\"widget\" data-e-type=\"widget\" data-widget_type=\"text-editor.default\">\n\t\t\t\t<div class=\"elementor-widget-container\">\n\t\t\t\t\t\t\t\t\t<p>Cette section contient les logos de la soci\u00e9t\u00e9 Vega SpA destin\u00e9s pilotes et les \u00e9quipes qui souhaitent personnaliser les v\u00eatements, le kart, le box et des moyens, ainsi que les partenaires et les fournisseurs Vega.<\/p><p><span style=\"font-weight: bolder;\">Le logo est prot\u00e9g\u00e9 par le copyright. Il est interdit de faire un usage inad\u00e9quat.<\/span><\/p><p><div class='w3eden wpdm_package_shortcode'><!-- WPDM Link Template: Link\/Button Popup -->\n<a class='wpdm-download-link download-on-click btn btn-primary '  rel='nofollow' href='#' data-downloadurl=\"https:\/\/vegatyres.com\/download\/vega_logo_e_marchio_since1980\/?wpdmdl=7505&#038;refresh=69f2fe6a8a7ac1777532522\">T\u00e9l\u00e9charger<\/a><\/div><\/p>\t\t\t\t\t\t\t\t<\/div>\n\t\t\t\t<\/div>\n\t\t\t\t\t<\/div>\n\t\t<\/div>\n\t\t\t\t\t<\/div>\n\t\t<\/section>\n\t\t\t\t<section class=\"elementor-section elementor-top-section elementor-element elementor-element-e3a643b elementor-section-boxed elementor-section-height-default elementor-section-height-default\" data-id=\"e3a643b\" data-element_type=\"section\" data-e-type=\"section\" data-settings=\"{&quot;jet_parallax_layout_list&quot;:[]}\">\n\t\t\t\t\t\t<div class=\"elementor-container elementor-column-gap-default\">\n\t\t\t\t\t<div class=\"elementor-column elementor-col-100 elementor-top-column elementor-element elementor-element-9894442\" data-id=\"9894442\" data-element_type=\"column\" data-e-type=\"column\">\n\t\t\t<div class=\"elementor-widget-wrap elementor-element-populated\">\n\t\t\t\t\t\t<section class=\"elementor-section elementor-inner-section elementor-element elementor-element-5d9fa44 elementor-section-boxed elementor-section-height-default elementor-section-height-default\" data-id=\"5d9fa44\" data-element_type=\"section\" data-e-type=\"section\" data-settings=\"{&quot;jet_parallax_layout_list&quot;:[]}\">\n\t\t\t\t\t\t<div class=\"elementor-container elementor-column-gap-default\">\n\t\t\t\t\t<div class=\"elementor-column elementor-col-50 elementor-inner-column elementor-element elementor-element-68917f5\" data-id=\"68917f5\" data-element_type=\"column\" data-e-type=\"column\">\n\t\t\t<div class=\"elementor-widget-wrap elementor-element-populated\">\n\t\t\t\t\t\t<div class=\"elementor-element elementor-element-8320ef6 elementor-widget elementor-widget-image\" data-id=\"8320ef6\" data-element_type=\"widget\" data-e-type=\"widget\" data-widget_type=\"image.default\">\n\t\t\t\t<div class=\"elementor-widget-container\">\n\t\t\t\t\t\t\t\t\t\t\t\t\t\t\t<img fetchpriority=\"high\" decoding=\"async\" width=\"1024\" height=\"240\" src=\"https:\/\/vegatyres.com\/wp-content\/uploads\/2024\/01\/Vegatyres_marchio_istituz_completo-1-1-1024x240.png\" class=\"attachment-large size-large wp-image-7568\" alt=\"\" srcset=\"https:\/\/vegatyres.com\/wp-content\/uploads\/2024\/01\/Vegatyres_marchio_istituz_completo-1-1-1024x240.png 1024w, https:\/\/vegatyres.com\/wp-content\/uploads\/2024\/01\/Vegatyres_marchio_istituz_completo-1-1-300x70.png 300w, https:\/\/vegatyres.com\/wp-content\/uploads\/2024\/01\/Vegatyres_marchio_istituz_completo-1-1-768x180.png 768w, https:\/\/vegatyres.com\/wp-content\/uploads\/2024\/01\/Vegatyres_marchio_istituz_completo-1-1-600x140.png 600w, https:\/\/vegatyres.com\/wp-content\/uploads\/2024\/01\/Vegatyres_marchio_istituz_completo-1-1.png 1179w\" sizes=\"(max-width: 1024px) 100vw, 1024px\" \/>\t\t\t\t\t\t\t\t\t\t\t\t\t\t\t<\/div>\n\t\t\t\t<\/div>\n\t\t\t\t\t<\/div>\n\t\t<\/div>\n\t\t\t\t<div class=\"elementor-column elementor-col-50 elementor-inner-column elementor-element elementor-element-b04158b\" data-id=\"b04158b\" data-element_type=\"column\" data-e-type=\"column\">\n\t\t\t<div class=\"elementor-widget-wrap elementor-element-populated\">\n\t\t\t\t\t\t<div class=\"elementor-element elementor-element-bb0ac71 elementor-widget elementor-widget-text-editor\" data-id=\"bb0ac71\" data-element_type=\"widget\" data-e-type=\"widget\" data-widget_type=\"text-editor.default\">\n\t\t\t\t<div class=\"elementor-widget-container\">\n\t\t\t\t\t\t\t\t\t<div class='w3eden wpdm_package_shortcode'><!-- WPDM Link Template: Link\/Button Popup -->\n<a class='wpdm-download-link download-on-click btn btn-primary '  rel='nofollow' href='#' data-downloadurl=\"https:\/\/vegatyres.com\/download\/vega_istituz_completo\/?wpdmdl=7524&#038;refresh=69f2fe6a8d8341777532522\">T\u00e9l\u00e9charger<\/a><\/div>\t\t\t\t\t\t\t\t<\/div>\n\t\t\t\t<\/div>\n\t\t\t\t\t<\/div>\n\t\t<\/div>\n\t\t\t\t\t<\/div>\n\t\t<\/section>\n\t\t\t\t<div class=\"elementor-element elementor-element-fcd45de elementor-widget-divider--view-line elementor-widget elementor-widget-divider\" data-id=\"fcd45de\" data-element_type=\"widget\" data-e-type=\"widget\" data-widget_type=\"divider.default\">\n\t\t\t\t<div class=\"elementor-widget-container\">\n\t\t\t\t\t\t\t<div class=\"elementor-divider\">\n\t\t\t<span class=\"elementor-divider-separator\">\n\t\t\t\t\t\t<\/span>\n\t\t<\/div>\n\t\t\t\t\t\t<\/div>\n\t\t\t\t<\/div>\n\t\t\t\t<section class=\"elementor-section elementor-inner-section elementor-element elementor-element-b4a317e elementor-section-boxed elementor-section-height-default elementor-section-height-default\" data-id=\"b4a317e\" data-element_type=\"section\" data-e-type=\"section\" data-settings=\"{&quot;jet_parallax_layout_list&quot;:[]}\">\n\t\t\t\t\t\t<div class=\"elementor-container elementor-column-gap-default\">\n\t\t\t\t\t<div class=\"elementor-column elementor-col-50 elementor-inner-column elementor-element elementor-element-57e8623\" data-id=\"57e8623\" data-element_type=\"column\" data-e-type=\"column\">\n\t\t\t<div class=\"elementor-widget-wrap elementor-element-populated\">\n\t\t\t\t\t\t<div class=\"elementor-element elementor-element-b74430a elementor-widget elementor-widget-image\" data-id=\"b74430a\" data-element_type=\"widget\" data-e-type=\"widget\" data-widget_type=\"image.default\">\n\t\t\t\t<div class=\"elementor-widget-container\">\n\t\t\t\t\t\t\t\t\t\t\t\t\t\t\t<img decoding=\"async\" width=\"966\" height=\"498\" src=\"https:\/\/vegatyres.com\/wp-content\/uploads\/2024\/01\/Vegatyres_marchio_moderno-1-1.png\" class=\"attachment-large size-large wp-image-7571\" alt=\"\" srcset=\"https:\/\/vegatyres.com\/wp-content\/uploads\/2024\/01\/Vegatyres_marchio_moderno-1-1.png 966w, https:\/\/vegatyres.com\/wp-content\/uploads\/2024\/01\/Vegatyres_marchio_moderno-1-1-300x155.png 300w, https:\/\/vegatyres.com\/wp-content\/uploads\/2024\/01\/Vegatyres_marchio_moderno-1-1-768x396.png 768w, https:\/\/vegatyres.com\/wp-content\/uploads\/2024\/01\/Vegatyres_marchio_moderno-1-1-600x309.png 600w\" sizes=\"(max-width: 966px) 100vw, 966px\" \/>\t\t\t\t\t\t\t\t\t\t\t\t\t\t\t<\/div>\n\t\t\t\t<\/div>\n\t\t\t\t\t<\/div>\n\t\t<\/div>\n\t\t\t\t<div class=\"elementor-column elementor-col-50 elementor-inner-column elementor-element elementor-element-70bfa72\" data-id=\"70bfa72\" data-element_type=\"column\" data-e-type=\"column\">\n\t\t\t<div class=\"elementor-widget-wrap elementor-element-populated\">\n\t\t\t\t\t\t<div class=\"elementor-element elementor-element-3a2a2bf elementor-widget elementor-widget-text-editor\" data-id=\"3a2a2bf\" data-element_type=\"widget\" data-e-type=\"widget\" data-widget_type=\"text-editor.default\">\n\t\t\t\t<div class=\"elementor-widget-container\">\n\t\t\t\t\t\t\t\t\t<div class='w3eden wpdm_package_shortcode'><!-- WPDM Link Template: Link\/Button Popup -->\n<a class='wpdm-download-link download-on-click btn btn-primary '  rel='nofollow' href='#' data-downloadurl=\"https:\/\/vegatyres.com\/download\/vega_interno\/?wpdmdl=7512&#038;refresh=69f2fe6a8ff981777532522\">T\u00e9l\u00e9charger<\/a><\/div>\t\t\t\t\t\t\t\t<\/div>\n\t\t\t\t<\/div>\n\t\t\t\t\t<\/div>\n\t\t<\/div>\n\t\t\t\t\t<\/div>\n\t\t<\/section>\n\t\t\t\t<div class=\"elementor-element elementor-element-eed8d14 elementor-widget-divider--view-line elementor-widget elementor-widget-divider\" data-id=\"eed8d14\" data-element_type=\"widget\" data-e-type=\"widget\" data-widget_type=\"divider.default\">\n\t\t\t\t<div class=\"elementor-widget-container\">\n\t\t\t\t\t\t\t<div class=\"elementor-divider\">\n\t\t\t<span class=\"elementor-divider-separator\">\n\t\t\t\t\t\t<\/span>\n\t\t<\/div>\n\t\t\t\t\t\t<\/div>\n\t\t\t\t<\/div>\n\t\t\t\t<section class=\"elementor-section elementor-inner-section elementor-element elementor-element-22ff51e elementor-section-boxed elementor-section-height-default elementor-section-height-default\" data-id=\"22ff51e\" data-element_type=\"section\" data-e-type=\"section\" data-settings=\"{&quot;jet_parallax_layout_list&quot;:[]}\">\n\t\t\t\t\t\t<div class=\"elementor-container elementor-column-gap-default\">\n\t\t\t\t\t<div class=\"elementor-column elementor-col-50 elementor-inner-column elementor-element elementor-element-91f1dab\" data-id=\"91f1dab\" data-element_type=\"column\" data-e-type=\"column\">\n\t\t\t<div class=\"elementor-widget-wrap elementor-element-populated\">\n\t\t\t\t\t\t<div class=\"elementor-element elementor-element-7a65299 elementor-widget elementor-widget-image\" data-id=\"7a65299\" data-element_type=\"widget\" data-e-type=\"widget\" data-widget_type=\"image.default\">\n\t\t\t\t<div class=\"elementor-widget-container\">\n\t\t\t\t\t\t\t\t\t\t\t\t\t\t\t<img decoding=\"async\" width=\"250\" height=\"191\" src=\"https:\/\/vegatyres.com\/wp-content\/uploads\/2024\/01\/Vegatyres_marchio_since1980-1-1.png\" class=\"attachment-large size-large wp-image-7574\" alt=\"\" \/>\t\t\t\t\t\t\t\t\t\t\t\t\t\t\t<\/div>\n\t\t\t\t<\/div>\n\t\t\t\t\t<\/div>\n\t\t<\/div>\n\t\t\t\t<div class=\"elementor-column elementor-col-50 elementor-inner-column elementor-element elementor-element-09541bc\" data-id=\"09541bc\" data-element_type=\"column\" data-e-type=\"column\">\n\t\t\t<div class=\"elementor-widget-wrap elementor-element-populated\">\n\t\t\t\t\t\t<div class=\"elementor-element elementor-element-b6455d8 elementor-widget elementor-widget-text-editor\" data-id=\"b6455d8\" data-element_type=\"widget\" data-e-type=\"widget\" data-widget_type=\"text-editor.default\">\n\t\t\t\t<div class=\"elementor-widget-container\">\n\t\t\t\t\t\t\t\t\tDiam\u00e8tre jusqu&rsquo;\u00e0 60 mm\n\n\t\t\t\t\t\t\t\t<\/div>\n\t\t\t\t<\/div>\n\t\t\t\t<div class=\"elementor-element elementor-element-63a403b elementor-widget elementor-widget-text-editor\" data-id=\"63a403b\" data-element_type=\"widget\" data-e-type=\"widget\" data-widget_type=\"text-editor.default\">\n\t\t\t\t<div class=\"elementor-widget-container\">\n\t\t\t\t\t\t\t\t\t<p><div class='w3eden wpdm_package_shortcode'><!-- WPDM Link Template: Link\/Button Popup -->\n<a class='wpdm-download-link download-on-click btn btn-primary '  rel='nofollow' href='#' data-downloadurl=\"https:\/\/vegatyres.com\/download\/vega_marchio_since1980_under60mm\/?wpdmdl=7526&#038;refresh=69f2fe6a9296c1777532522\">T\u00e9l\u00e9charger<\/a><\/div><\/p>\t\t\t\t\t\t\t\t<\/div>\n\t\t\t\t<\/div>\n\t\t\t\t<div class=\"elementor-element elementor-element-f7898e4 elementor-widget elementor-widget-text-editor\" data-id=\"f7898e4\" data-element_type=\"widget\" data-e-type=\"widget\" data-widget_type=\"text-editor.default\">\n\t\t\t\t<div class=\"elementor-widget-container\">\n\t\t\t\t\t\t\t\t\tDe diam\u00e8tre plus grand que 60 mm\n\n\t\t\t\t\t\t\t\t<\/div>\n\t\t\t\t<\/div>\n\t\t\t\t<div class=\"elementor-element elementor-element-2a7be37 elementor-widget elementor-widget-text-editor\" data-id=\"2a7be37\" data-element_type=\"widget\" data-e-type=\"widget\" data-widget_type=\"text-editor.default\">\n\t\t\t\t<div class=\"elementor-widget-container\">\n\t\t\t\t\t\t\t\t\t<p><div class='w3eden wpdm_package_shortcode'><!-- WPDM Link Template: Link\/Button Popup -->\n<a class='wpdm-download-link download-on-click btn btn-primary '  rel='nofollow' href='#' data-downloadurl=\"https:\/\/vegatyres.com\/download\/vega_marchio_since1980_over60mm\/?wpdmdl=7525&#038;refresh=69f2fe6a953451777532522\">T\u00e9l\u00e9charger<\/a><\/div><\/p>\t\t\t\t\t\t\t\t<\/div>\n\t\t\t\t<\/div>\n\t\t\t\t\t<\/div>\n\t\t<\/div>\n\t\t\t\t\t<\/div>\n\t\t<\/section>\n\t\t\t\t\t<\/div>\n\t\t<\/div>\n\t\t\t\t\t<\/div>\n\t\t<\/section>\n\t\t\t\t<\/div>\n\t\t","protected":false},"excerpt":{"rendered":"<p>Cette section contient les logos de la soci\u00e9t\u00e9 Vega SpA destin\u00e9s pilotes et les \u00e9quipes qui souhaitent personnaliser les v\u00eatements, le kart, le box et des moyens, ainsi que les partenaires et les fournisseurs Vega. Le logo est prot\u00e9g\u00e9 par le copyright. Il est interdit de faire un usage inad\u00e9quat. Diam\u00e8tre jusqu&rsquo;\u00e0 60 mm De [&hellip;]<\/p>\n","protected":false},"author":1,"featured_media":0,"parent":0,"menu_order":0,"comment_status":"closed","ping_status":"closed","template":"","meta":{"_acf_changed":false,"footnotes":""},"class_list":["post-1248","page","type-page","status-publish","hentry"],"acf":[],"yoast_head":"<!-- This site is optimized with the Yoast SEO plugin v27.2 - https:\/\/yoast.com\/product\/yoast-seo-wordpress\/ -->\n<title>Media Documents | Vegatyres - Vega Srl Saronno VA<\/title>\n<meta name=\"description\" content=\"Vegatyres - Vega Srl Saronno VA Media Documents |\" \/>\n<meta name=\"robots\" content=\"index, follow, max-snippet:-1, max-image-preview:large, max-video-preview:-1\" \/>\n<link rel=\"canonical\" href=\"https:\/\/vegatyres.com\/fr\/media-documents\/\" \/>\n<meta property=\"og:locale\" content=\"fr_FR\" \/>\n<meta property=\"og:type\" content=\"article\" \/>\n<meta property=\"og:title\" content=\"Media Documents | Vegatyres - Vega Srl Saronno VA\" \/>\n<meta property=\"og:description\" content=\"Vegatyres - Vega Srl Saronno VA Media Documents |\" \/>\n<meta property=\"og:url\" content=\"https:\/\/vegatyres.com\/fr\/media-documents\/\" \/>\n<meta property=\"og:site_name\" content=\"Vegatyres - Vega Srl Saronno VA\" \/>\n<meta property=\"article:publisher\" content=\"https:\/\/www.facebook.com\/vegatyres.official\/?paipv=0&amp;eav=AfbdurfZu4XvQFlS4CrjMzOdxMo2eYT5SQmYJZZ_RhnC3g2P7TqxxeXRRDaitdNWsao&amp;_rdr\" \/>\n<meta property=\"article:modified_time\" content=\"2024-01-25T11:06:19+00:00\" \/>\n<meta property=\"og:image\" content=\"https:\/\/vegatyres.com\/wp-content\/uploads\/2019\/11\/pdf_download.png\" \/>\n<meta name=\"twitter:card\" content=\"summary_large_image\" \/>\n<script type=\"application\/ld+json\" class=\"yoast-schema-graph\">{\"@context\":\"https:\/\/schema.org\",\"@graph\":[{\"@type\":\"WebPage\",\"@id\":\"https:\/\/vegatyres.com\/fr\/media-documents\/\",\"url\":\"https:\/\/vegatyres.com\/fr\/media-documents\/\",\"name\":\"Media Documents | Vegatyres - Vega Srl Saronno VA\",\"isPartOf\":{\"@id\":\"https:\/\/vegatyres.com\/#website\"},\"primaryImageOfPage\":{\"@id\":\"https:\/\/vegatyres.com\/fr\/media-documents\/#primaryimage\"},\"image\":{\"@id\":\"https:\/\/vegatyres.com\/fr\/media-documents\/#primaryimage\"},\"thumbnailUrl\":\"https:\/\/vegatyres.com\/wp-content\/uploads\/2024\/01\/Vegatyres_marchio_istituz_completo-1-1-1024x240.png\",\"datePublished\":\"2020-01-14T16:37:07+00:00\",\"dateModified\":\"2024-01-25T11:06:19+00:00\",\"description\":\"Vegatyres - Vega Srl Saronno VA Media Documents |\",\"breadcrumb\":{\"@id\":\"https:\/\/vegatyres.com\/fr\/media-documents\/#breadcrumb\"},\"inLanguage\":\"fr-FR\",\"potentialAction\":[{\"@type\":\"ReadAction\",\"target\":[\"https:\/\/vegatyres.com\/fr\/media-documents\/\"]}]},{\"@type\":\"ImageObject\",\"inLanguage\":\"fr-FR\",\"@id\":\"https:\/\/vegatyres.com\/fr\/media-documents\/#primaryimage\",\"url\":\"https:\/\/vegatyres.com\/wp-content\/uploads\/2024\/01\/Vegatyres_marchio_istituz_completo-1-1-1024x240.png\",\"contentUrl\":\"https:\/\/vegatyres.com\/wp-content\/uploads\/2024\/01\/Vegatyres_marchio_istituz_completo-1-1-1024x240.png\"},{\"@type\":\"BreadcrumbList\",\"@id\":\"https:\/\/vegatyres.com\/fr\/media-documents\/#breadcrumb\",\"itemListElement\":[{\"@type\":\"ListItem\",\"position\":1,\"name\":\"Home\",\"item\":\"https:\/\/vegatyres.com\/\"},{\"@type\":\"ListItem\",\"position\":2,\"name\":\"Media Documents\"}]},{\"@type\":\"WebSite\",\"@id\":\"https:\/\/vegatyres.com\/#website\",\"url\":\"https:\/\/vegatyres.com\/\",\"name\":\"Vegatyres - Vega Srl Saronno VA\",\"description\":\"Dal 1980 il produttore dei migliori pneumatici per il Kart\",\"publisher\":{\"@id\":\"https:\/\/vegatyres.com\/#organization\"},\"alternateName\":\"Vegatyres - Vega Srl Saronno VA\",\"potentialAction\":[{\"@type\":\"SearchAction\",\"target\":{\"@type\":\"EntryPoint\",\"urlTemplate\":\"https:\/\/vegatyres.com\/?s={search_term_string}\"},\"query-input\":{\"@type\":\"PropertyValueSpecification\",\"valueRequired\":true,\"valueName\":\"search_term_string\"}}],\"inLanguage\":\"fr-FR\"},{\"@type\":\"Organization\",\"@id\":\"https:\/\/vegatyres.com\/#organization\",\"name\":\"Vegatyres - Vega Srl Saronno VA\",\"alternateName\":\"Vegatyres - Vega Srl Saronno VA\",\"url\":\"https:\/\/vegatyres.com\/\",\"logo\":{\"@type\":\"ImageObject\",\"inLanguage\":\"fr-FR\",\"@id\":\"https:\/\/vegatyres.com\/#\/schema\/logo\/image\/\",\"url\":\"https:\/\/vegatyres.com\/wp-content\/uploads\/2024\/01\/cropped-Vega_logo_V_giallo_per_mappa-1.png\",\"contentUrl\":\"https:\/\/vegatyres.com\/wp-content\/uploads\/2024\/01\/cropped-Vega_logo_V_giallo_per_mappa-1.png\",\"width\":512,\"height\":512,\"caption\":\"Vegatyres - Vega Srl Saronno VA\"},\"image\":{\"@id\":\"https:\/\/vegatyres.com\/#\/schema\/logo\/image\/\"},\"sameAs\":[\"https:\/\/www.facebook.com\/vegatyres.official\/?paipv=0&eav=AfbdurfZu4XvQFlS4CrjMzOdxMo2eYT5SQmYJZZ_RhnC3g2P7TqxxeXRRDaitdNWsao&_rdr\",\"https:\/\/www.instagram.com\/vegatyres_official\"]}]}<\/script>\n<!-- \/ Yoast SEO plugin. -->","yoast_head_json":{"title":"Media Documents | Vegatyres - Vega Srl Saronno VA","description":"Vegatyres - Vega Srl Saronno VA Media Documents |","robots":{"index":"index","follow":"follow","max-snippet":"max-snippet:-1","max-image-preview":"max-image-preview:large","max-video-preview":"max-video-preview:-1"},"canonical":"https:\/\/vegatyres.com\/fr\/media-documents\/","og_locale":"fr_FR","og_type":"article","og_title":"Media Documents | Vegatyres - Vega Srl Saronno VA","og_description":"Vegatyres - Vega Srl Saronno VA Media Documents |","og_url":"https:\/\/vegatyres.com\/fr\/media-documents\/","og_site_name":"Vegatyres - Vega Srl Saronno VA","article_publisher":"https:\/\/www.facebook.com\/vegatyres.official\/?paipv=0&eav=AfbdurfZu4XvQFlS4CrjMzOdxMo2eYT5SQmYJZZ_RhnC3g2P7TqxxeXRRDaitdNWsao&_rdr","article_modified_time":"2024-01-25T11:06:19+00:00","og_image":[{"url":"https:\/\/vegatyres.com\/wp-content\/uploads\/2019\/11\/pdf_download.png","type":"","width":"","height":""}],"twitter_card":"summary_large_image","schema":{"@context":"https:\/\/schema.org","@graph":[{"@type":"WebPage","@id":"https:\/\/vegatyres.com\/fr\/media-documents\/","url":"https:\/\/vegatyres.com\/fr\/media-documents\/","name":"Media Documents | Vegatyres - Vega Srl Saronno VA","isPartOf":{"@id":"https:\/\/vegatyres.com\/#website"},"primaryImageOfPage":{"@id":"https:\/\/vegatyres.com\/fr\/media-documents\/#primaryimage"},"image":{"@id":"https:\/\/vegatyres.com\/fr\/media-documents\/#primaryimage"},"thumbnailUrl":"https:\/\/vegatyres.com\/wp-content\/uploads\/2024\/01\/Vegatyres_marchio_istituz_completo-1-1-1024x240.png","datePublished":"2020-01-14T16:37:07+00:00","dateModified":"2024-01-25T11:06:19+00:00","description":"Vegatyres - Vega Srl Saronno VA Media Documents |","breadcrumb":{"@id":"https:\/\/vegatyres.com\/fr\/media-documents\/#breadcrumb"},"inLanguage":"fr-FR","potentialAction":[{"@type":"ReadAction","target":["https:\/\/vegatyres.com\/fr\/media-documents\/"]}]},{"@type":"ImageObject","inLanguage":"fr-FR","@id":"https:\/\/vegatyres.com\/fr\/media-documents\/#primaryimage","url":"https:\/\/vegatyres.com\/wp-content\/uploads\/2024\/01\/Vegatyres_marchio_istituz_completo-1-1-1024x240.png","contentUrl":"https:\/\/vegatyres.com\/wp-content\/uploads\/2024\/01\/Vegatyres_marchio_istituz_completo-1-1-1024x240.png"},{"@type":"BreadcrumbList","@id":"https:\/\/vegatyres.com\/fr\/media-documents\/#breadcrumb","itemListElement":[{"@type":"ListItem","position":1,"name":"Home","item":"https:\/\/vegatyres.com\/"},{"@type":"ListItem","position":2,"name":"Media Documents"}]},{"@type":"WebSite","@id":"https:\/\/vegatyres.com\/#website","url":"https:\/\/vegatyres.com\/","name":"Vegatyres - Vega Srl Saronno VA","description":"Dal 1980 il produttore dei migliori pneumatici per il Kart","publisher":{"@id":"https:\/\/vegatyres.com\/#organization"},"alternateName":"Vegatyres - Vega Srl Saronno VA","potentialAction":[{"@type":"SearchAction","target":{"@type":"EntryPoint","urlTemplate":"https:\/\/vegatyres.com\/?s={search_term_string}"},"query-input":{"@type":"PropertyValueSpecification","valueRequired":true,"valueName":"search_term_string"}}],"inLanguage":"fr-FR"},{"@type":"Organization","@id":"https:\/\/vegatyres.com\/#organization","name":"Vegatyres - Vega Srl Saronno VA","alternateName":"Vegatyres - Vega Srl Saronno VA","url":"https:\/\/vegatyres.com\/","logo":{"@type":"ImageObject","inLanguage":"fr-FR","@id":"https:\/\/vegatyres.com\/#\/schema\/logo\/image\/","url":"https:\/\/vegatyres.com\/wp-content\/uploads\/2024\/01\/cropped-Vega_logo_V_giallo_per_mappa-1.png","contentUrl":"https:\/\/vegatyres.com\/wp-content\/uploads\/2024\/01\/cropped-Vega_logo_V_giallo_per_mappa-1.png","width":512,"height":512,"caption":"Vegatyres - Vega Srl Saronno VA"},"image":{"@id":"https:\/\/vegatyres.com\/#\/schema\/logo\/image\/"},"sameAs":["https:\/\/www.facebook.com\/vegatyres.official\/?paipv=0&eav=AfbdurfZu4XvQFlS4CrjMzOdxMo2eYT5SQmYJZZ_RhnC3g2P7TqxxeXRRDaitdNWsao&_rdr","https:\/\/www.instagram.com\/vegatyres_official"]}]}},"_links":{"self":[{"href":"https:\/\/vegatyres.com\/fr\/wp-json\/wp\/v2\/pages\/1248","targetHints":{"allow":["GET"]}}],"collection":[{"href":"https:\/\/vegatyres.com\/fr\/wp-json\/wp\/v2\/pages"}],"about":[{"href":"https:\/\/vegatyres.com\/fr\/wp-json\/wp\/v2\/types\/page"}],"author":[{"embeddable":true,"href":"https:\/\/vegatyres.com\/fr\/wp-json\/wp\/v2\/users\/1"}],"replies":[{"embeddable":true,"href":"https:\/\/vegatyres.com\/fr\/wp-json\/wp\/v2\/comments?post=1248"}],"version-history":[{"count":0,"href":"https:\/\/vegatyres.com\/fr\/wp-json\/wp\/v2\/pages\/1248\/revisions"}],"wp:attachment":[{"href":"https:\/\/vegatyres.com\/fr\/wp-json\/wp\/v2\/media?parent=1248"}],"curies":[{"name":"wp","href":"https:\/\/api.w.org\/{rel}","templated":true}]}}